{"id":106,"date":"2026-03-03T16:02:15","date_gmt":"2026-03-03T15:02:15","guid":{"rendered":"https:\/\/dobrestrechy.sk\/new\/?page_id=106"},"modified":"2026-04-14T15:58:32","modified_gmt":"2026-04-14T14:58:32","slug":"klampiarske-vyrobky","status":"publish","type":"page","link":"https:\/\/dobrestrechy.sk\/index.php\/klampiarske-vyrobky\/","title":{"rendered":"Klampiarske v\u00fdrobky"},"content":{"rendered":"\t\t<div data-elementor-type=\"wp-page\" data-elementor-id=\"106\" class=\"elementor elementor-106\" data-elementor-settings=\"{&quot;ha_cmc_init_switcher&quot;:&quot;no&quot;}\">\n\t\t\t\t<div class=\"elementor-element elementor-element-fbe7916 e-con-full e-flex e-con e-parent\" data-id=\"fbe7916\" data-element_type=\"container\" data-e-type=\"container\" data-settings=\"{&quot;background_background&quot;:&quot;classic&quot;,&quot;_ha_eqh_enable&quot;:false}\">\n\t\t\t\t<div class=\"elementor-element elementor-element-48799bd elementor-widget elementor-widget-spacer\" data-id=\"48799bd\" data-element_type=\"widget\" data-e-type=\"widget\" data-widget_type=\"spacer.default\">\n\t\t\t\t\t\t\t<div class=\"elementor-spacer\">\n\t\t\t<div class=\"elementor-spacer-inner\"><\/div>\n\t\t<\/div>\n\t\t\t\t\t\t<\/div>\n\t\t\t\t<\/div>\n\t\t<div class=\"elementor-element elementor-element-125719e e-flex e-con-boxed e-con e-parent\" data-id=\"125719e\" data-element_type=\"container\" data-e-type=\"container\" data-settings=\"{&quot;_ha_eqh_enable&quot;:false}\">\n\t\t\t\t\t<div class=\"e-con-inner\">\n\t\t\t\t<div class=\"elementor-element elementor-element-ec10590 elementor-widget elementor-widget-spacer\" data-id=\"ec10590\" data-element_type=\"widget\" data-e-type=\"widget\" data-widget_type=\"spacer.default\">\n\t\t\t\t\t\t\t<div class=\"elementor-spacer\">\n\t\t\t<div class=\"elementor-spacer-inner\"><\/div>\n\t\t<\/div>\n\t\t\t\t\t\t<\/div>\n\t\t\t\t<div class=\"elementor-element elementor-element-8b4a2a2 elementor-widget elementor-widget-page-title\" data-id=\"8b4a2a2\" data-element_type=\"widget\" data-e-type=\"widget\" data-widget_type=\"page-title.default\">\n\t\t\t\t<div class=\"elementor-widget-container\">\n\t\t\t\t\t\t\t\n\t\t<div class=\"hfe-page-title hfe-page-title-wrapper elementor-widget-heading\">\n\n\t\t\t\t\t\t\t\t\t\t\t<a href=\"https:\/\/dobrestrechy.sk\">\n\t\t\t\t\t\t<h2 class=\"elementor-heading-title elementor-size-default\">\n\t\t\t\t\t\t\t\t\n\t\t\t\tKlampiarske v\u00fdrobky  \n\t\t\t<\/h2 > \n\t\t\t\t\t\t\t\t\t<\/a>\n\t\t\t\t\t<\/div>\n\t\t\t\t\t\t<\/div>\n\t\t\t\t<\/div>\n\t\t\t\t<div class=\"elementor-element elementor-element-7076ddb elementor-widget elementor-widget-text-editor\" data-id=\"7076ddb\" data-element_type=\"widget\" data-e-type=\"widget\" data-widget_type=\"text-editor.default\">\n\t\t\t\t\t\t\t\t\t<p>Na\u0161a spolo\u010dnos\u0165 V\u00e1m vie pon\u00faknu\u0165 r\u00f4zne klampiarske v\u00fdrobky.\u00a0 Pon\u00fakame a\u00a0zaru\u010dujeme vysok\u00fa kvalitu na\u0161ich v\u00fdrobkov a\u00a0slu\u017eieb , \u010d\u00edm si na\u0161a firma Dobre Strechy z\u00edskala ve\u013ea spokojn\u00fdch z\u00e1kazn\u00edkov.<\/p><p>V\u00a0na\u0161ej ponuke n\u00e1jdete \u0161irok\u00fd sortiment v\u00fdrobkov pre odkvapov\u00e9 syst\u00e9my, ale aj stre\u0161n\u00e9 prvky a\u00a0fas\u00e1dne syst\u00e9my. V\u00a0pr\u00edpade potreby V\u00e1m vieme vyrobi\u0165 ak\u00fdko\u013evek atypick\u00fd klampiarsky prvok.<\/p><h3 class=\"fusion-responsive-typography-calculated\" data-fontsize=\"16\" data-lineheight=\"24px\">\u010co konkr\u00e9tne pon\u00fakame?<\/h3><p>Klampiarske v\u00fdrobky pre odvod da\u017e\u010fovej vody , ktor\u00e9 vyr\u00e1ba firma K&amp;J&amp;G. S\u00fa to modern\u00e9 syst\u00e9my odvodnenia strechy, na ktor\u00e9 s\u00fa kladen\u00e9 vysok\u00e9 n\u00e1roky. V\u00fdhodou je aj ich estetick\u00fd vzh\u013ead, jednoduch\u00e1 mont\u00e1\u017e\u00a0 a\u00a0samozrejme vynikaj\u00faca kvalita. Syst\u00e9m V\u00e1m pon\u00faka hotov\u00e9 klampiarske v\u00fdrobky , ktor\u00e9 do seba presne zapadaj\u00fa. V\u010faka tomu je syst\u00e9m spo\u013eahliv\u00fd a\u00a0dlhodobo bez\u00fadr\u017ebov\u00fd. Ve\u013ekou v\u00fdhodou je taktie\u017e ve\u013ek\u00e1 farebn\u00e1 \u0161k\u00e1la , v\u010faka ktorej sa vieme prisp\u00f4sobi\u0165 farebne stre\u0161nej krytine. Rovnako pon\u00fakaj\u00fa aj \u0161irok\u00e9 spektrum materi\u00e1lov ako s\u00fa :<\/p><p>\u2013\u00a0\u00a0\u00a0\u00a0\u00a0\u00a0\u00a0\u00a0\u00a0 Pozink<\/p><p>\u2013\u00a0\u00a0\u00a0\u00a0\u00a0\u00a0\u00a0\u00a0\u00a0 Nerez<\/p><p>\u2013\u00a0\u00a0\u00a0\u00a0\u00a0\u00a0\u00a0\u00a0\u00a0 Me\u010f<\/p><p>\u2013\u00a0\u00a0\u00a0\u00a0\u00a0\u00a0\u00a0\u00a0\u00a0 Farben\u00fd pozink<\/p><p>\u2013\u00a0\u00a0\u00a0\u00a0\u00a0\u00a0\u00a0\u00a0\u00a0 Farben\u00fd hlin\u00edk<\/p><p>\u2013\u00a0\u00a0\u00a0\u00a0\u00a0\u00a0\u00a0\u00a0\u00a0 Tit\u00e1n-zinok<\/p><p>Klampiarske v\u00fdrobky ako s\u00fa doplnky ku krytin\u00e1m s\u00fa neodmyslite\u013enou s\u00fa\u010das\u0165ou ka\u017edej strechy. Pomocou ve\u013ekej a\u00a0malej oh\u00fdba\u010dky V\u00e1m vieme vyrobi\u0165 \u0161tandardn\u00e9 prvky ako s\u00fa z\u00e1vetern\u00e9 li\u0161ty, \u00fa\u017elabie, odkvapov\u00e9 plechy, lemovanie k\u00a0stene, hreben\u00e1\u010de a\u00a0in\u00e9 pr\u00edpadne atypick\u00e9 prvky. \u00dalohou oplechovania je utesnenie, zabezpe\u010denie spr\u00e1vneho odvedenia vody, zabezpe\u010denie pred vetrom , ako aj estetick\u00fd vzh\u013ead budovy.<\/p><p>Materi\u00e1ly pou\u017e\u00edvan\u00e9 pri v\u00fdrobe doplnkov\u00a0 a\u00a0ich vlastnosti :<\/p><p>\u2013\u00a0\u00a0\u00a0\u00a0\u00a0\u00a0\u00a0\u00a0\u00a0 Pozinkovan\u00fd plech \u2013 n\u00edzka obstar\u00e1vacia cena, ni\u017e\u0161ia \u017eivotnos\u0165 , nutn\u00e1 \u010fal\u0161ia povrchov\u00e1 \u00faprava<\/p><p>\u2013\u00a0\u00a0\u00a0\u00a0\u00a0\u00a0\u00a0\u00a0\u00a0 Lakoplastovan\u00fd plech \u2013 v\u00fdhodn\u00e1 cena, \u0161irok\u00fd v\u00fdber farieb, v\u00fdhodn\u00fd pomer ceny a\u00a0\u017eivotnosti<\/p><p>\u2013\u00a0\u00a0\u00a0\u00a0\u00a0\u00a0\u00a0\u00a0\u00a0 Hlin\u00edkov\u00fd plech \u2013 vysok\u00e1 \u017eivotnos\u0165, n\u00edzka hmotnos\u0165, nekoroduje<\/p><p>\u2013\u00a0\u00a0\u00a0\u00a0\u00a0\u00a0\u00a0\u00a0\u00a0 Tit\u00e1n-zinkov\u00fd plech \u2013 materi\u00e1l bud\u00facnosti, vysok\u00e1 \u017eivotnos\u0165, nie je nutn\u00e1 \u00fadr\u017eba<\/p><p>\u2013\u00a0\u00a0\u00a0\u00a0\u00a0\u00a0\u00a0\u00a0\u00a0 Meden\u00fd plech \u2013 vysok\u00e1 \u017eivotnos\u0165, nie je nutn\u00e1 \u017eiadna \u00fadr\u017eba , vy\u0161\u0161ia cena<\/p><p>\u2013\u00a0\u00a0\u00a0\u00a0\u00a0\u00a0\u00a0\u00a0\u00a0 Nerezov\u00fd plech \u2013 vysok\u00e1 \u017eivotnos\u0165, nie je nutn\u00e1 \u00fadr\u017eba, tvrd\u00fd materi\u00e1l<\/p><p>Na\u0161e klampiarske v\u00fdrobky s\u00fa z\u00e1rukou kvality a\u00a0dlhodobej \u017eivotnosti , na z\u00e1klade kvalitnej a\u00a0profesion\u00e1lnej mont\u00e1\u017ee.<\/p>\t\t\t\t\t\t\t\t<\/div>\n\t\t\t\t\t<\/div>\n\t\t\t\t<\/div>\n\t\t\t\t<\/div>\n\t\t","protected":false},"excerpt":{"rendered":"<p>Klampiarske v\u00fdrobky Na\u0161a spolo\u010dnos\u0165 V\u00e1m vie pon\u00faknu\u0165 r\u00f4zne klampiarske v\u00fdrobky.\u00a0 Pon\u00fakame a\u00a0zaru\u010dujeme vysok\u00fa kvalitu na\u0161ich v\u00fdrobkov a\u00a0slu\u017eieb , \u010d\u00edm si na\u0161a firma Dobre Strechy z\u00edskala ve\u013ea spokojn\u00fdch z\u00e1kazn\u00edkov. V\u00a0na\u0161ej ponuke n\u00e1jdete \u0161irok\u00fd sortiment v\u00fdrobkov pre odkvapov\u00e9 syst\u00e9my, ale aj stre\u0161n\u00e9 prvky a\u00a0fas\u00e1dne syst\u00e9my. V\u00a0pr\u00edpade potreby V\u00e1m vieme vyrobi\u0165 ak\u00fdko\u013evek atypick\u00fd klampiarsky prvok. \u010co konkr\u00e9tne pon\u00fakame? [&hellip;]<\/p>\n","protected":false},"author":1,"featured_media":0,"parent":0,"menu_order":0,"comment_status":"closed","ping_status":"closed","template":"","meta":{"footnotes":""},"class_list":["post-106","page","type-page","status-publish","hentry"],"_links":{"self":[{"href":"https:\/\/dobrestrechy.sk\/index.php\/wp-json\/wp\/v2\/pages\/106","targetHints":{"allow":["GET"]}}],"collection":[{"href":"https:\/\/dobrestrechy.sk\/index.php\/wp-json\/wp\/v2\/pages"}],"about":[{"href":"https:\/\/dobrestrechy.sk\/index.php\/wp-json\/wp\/v2\/types\/page"}],"author":[{"embeddable":true,"href":"https:\/\/dobrestrechy.sk\/index.php\/wp-json\/wp\/v2\/users\/1"}],"replies":[{"embeddable":true,"href":"https:\/\/dobrestrechy.sk\/index.php\/wp-json\/wp\/v2\/comments?post=106"}],"version-history":[{"count":4,"href":"https:\/\/dobrestrechy.sk\/index.php\/wp-json\/wp\/v2\/pages\/106\/revisions"}],"predecessor-version":[{"id":111,"href":"https:\/\/dobrestrechy.sk\/index.php\/wp-json\/wp\/v2\/pages\/106\/revisions\/111"}],"wp:attachment":[{"href":"https:\/\/dobrestrechy.sk\/index.php\/wp-json\/wp\/v2\/media?parent=106"}],"curies":[{"name":"wp","href":"https:\/\/api.w.org\/{rel}","templated":true}]}}