{"id":118,"date":"2026-03-03T16:05:53","date_gmt":"2026-03-03T15:05:53","guid":{"rendered":"https:\/\/dobrestrechy.sk\/new\/?page_id=118"},"modified":"2026-04-14T15:58:32","modified_gmt":"2026-04-14T14:58:32","slug":"klampiarska-dielna","status":"publish","type":"page","link":"https:\/\/dobrestrechy.sk\/index.php\/klampiarska-dielna\/","title":{"rendered":"Klampiarska diel\u0148a"},"content":{"rendered":"\t\t<div data-elementor-type=\"wp-page\" data-elementor-id=\"118\" class=\"elementor elementor-118\" data-elementor-settings=\"{&quot;ha_cmc_init_switcher&quot;:&quot;no&quot;}\">\n\t\t\t\t<div class=\"elementor-element elementor-element-fbe7916 e-con-full e-flex e-con e-parent\" data-id=\"fbe7916\" data-element_type=\"container\" data-e-type=\"container\" data-settings=\"{&quot;background_background&quot;:&quot;classic&quot;,&quot;_ha_eqh_enable&quot;:false}\">\n\t\t\t\t<div class=\"elementor-element elementor-element-48799bd elementor-widget elementor-widget-spacer\" data-id=\"48799bd\" data-element_type=\"widget\" data-e-type=\"widget\" data-widget_type=\"spacer.default\">\n\t\t\t\t\t\t\t<div class=\"elementor-spacer\">\n\t\t\t<div class=\"elementor-spacer-inner\"><\/div>\n\t\t<\/div>\n\t\t\t\t\t\t<\/div>\n\t\t\t\t<\/div>\n\t\t<div class=\"elementor-element elementor-element-125719e e-flex e-con-boxed e-con e-parent\" data-id=\"125719e\" data-element_type=\"container\" data-e-type=\"container\" data-settings=\"{&quot;_ha_eqh_enable&quot;:false}\">\n\t\t\t\t\t<div class=\"e-con-inner\">\n\t\t\t\t<div class=\"elementor-element elementor-element-ec10590 elementor-widget elementor-widget-spacer\" data-id=\"ec10590\" data-element_type=\"widget\" data-e-type=\"widget\" data-widget_type=\"spacer.default\">\n\t\t\t\t\t\t\t<div class=\"elementor-spacer\">\n\t\t\t<div class=\"elementor-spacer-inner\"><\/div>\n\t\t<\/div>\n\t\t\t\t\t\t<\/div>\n\t\t\t\t<div class=\"elementor-element elementor-element-8b4a2a2 elementor-widget elementor-widget-page-title\" data-id=\"8b4a2a2\" data-element_type=\"widget\" data-e-type=\"widget\" data-widget_type=\"page-title.default\">\n\t\t\t\t<div class=\"elementor-widget-container\">\n\t\t\t\t\t\t\t\n\t\t<div class=\"hfe-page-title hfe-page-title-wrapper elementor-widget-heading\">\n\n\t\t\t\t\t\t\t\t\t\t\t<a href=\"https:\/\/dobrestrechy.sk\">\n\t\t\t\t\t\t<h2 class=\"elementor-heading-title elementor-size-default\">\n\t\t\t\t\t\t\t\t\n\t\t\t\tKlampiarska diel\u0148a  \n\t\t\t<\/h2 > \n\t\t\t\t\t\t\t\t\t<\/a>\n\t\t\t\t\t<\/div>\n\t\t\t\t\t\t<\/div>\n\t\t\t\t<\/div>\n\t\t\t\t<div class=\"elementor-element elementor-element-7076ddb elementor-widget elementor-widget-text-editor\" data-id=\"7076ddb\" data-element_type=\"widget\" data-e-type=\"widget\" data-widget_type=\"text-editor.default\">\n\t\t\t\t\t\t\t\t\t<p>Na\u0161a firma m\u00e1 k dispoz\u00edcii vlastn\u00fa diel\u0148u, kde si pripravuj\u00fa v\u0161etky potrebn\u00e9 (aj \u0161pecifick\u00e9) klampiarske v\u00fdrobky pod\u013ea po\u017eiadaviek stavieb. Nevyr\u00e1bame len typizovan\u00e9 produkty ale sna\u017e\u00edme sa prisp\u00f4sobi\u0165 po\u017eiadavk\u00e1m a n\u00e1rokom z\u00e1kazn\u00edka.<\/p><p>Na\u0161a klampiarska diel\u0148a sa zaober\u00e1 vyr\u00e1ban\u00edm napr. : \u00a0hreben\u00e1\u010de , z\u00e1vetern\u00e9 li\u0161ty, okapov\u00e9 plechy, \u00fa\u017elabia, oplechovania kom\u00ednov, napojenia strechy na stenu, ale aj parapetn\u00e9 dosky a r\u00f4zne in\u00e9 v\u00fdrobky pod\u013ea po\u017eiadaviek z\u00e1kazn\u00edka.<\/p><p>Technick\u00e9 \u00a0vybavenie, ktor\u00e9 ma na\u0161a klampiarska diel\u0148a je neust\u00e1le inovovan\u00e9 a v\u010faka st\u00e1le viac a viac sk\u00fasenostiam v odbore vieme, \u010do z\u00e1kazn\u00edk potrebuje a sna\u017e\u00edme sa prisp\u00f4sobi\u0165 jeho potreb\u00e1m.<\/p><p>\u010co sa t\u00fdka materi\u00e1lu pou\u017e\u00edvan\u00e9ho na tieto prvky je to najviac pozinkovan\u00fd alebo aj hlin\u00edkov\u00fd plech v hr\u00fabkach \u00a0od 0,5 mm do 1 mm . Vieme spracova\u0165 aj plech z antikora , medi ale aj tit\u00e1nzinok \u00a0v hr\u00fabkach od 0,5 mm do 1 mm. Plech je pod\u013ea projektovej dokument\u00e1cie oh\u00fdban\u00fd u\u017e na farebne lakoplastov\u00fdch \u00a0plechoch , pod\u013ea vzorkovn\u00edka od dod\u00e1vate\u013ea.<\/p><p>Na\u0161a klampiarska diel\u0148a je vybaven\u00e1 napr. :<\/p>\t\t\t\t\t\t\t\t<\/div>\n\t\t\t\t<div class=\"elementor-element elementor-element-3495560 elementor-position-top elementor-widget elementor-widget-image-box\" data-id=\"3495560\" data-element_type=\"widget\" data-e-type=\"widget\" data-widget_type=\"image-box.default\">\n\t\t\t\t\t<div class=\"elementor-image-box-wrapper\"><figure class=\"elementor-image-box-img\"><img fetchpriority=\"high\" decoding=\"async\" width=\"1227\" height=\"815\" src=\"https:\/\/dobrestrechy.sk\/wp-content\/uploads\/2026\/03\/mala-ohybacka.jpg\" class=\"attachment-full size-full wp-image-120\" alt=\"\" srcset=\"https:\/\/dobrestrechy.sk\/wp-content\/uploads\/2026\/03\/mala-ohybacka.jpg 1227w, https:\/\/dobrestrechy.sk\/wp-content\/uploads\/2026\/03\/mala-ohybacka-300x199.jpg 300w, https:\/\/dobrestrechy.sk\/wp-content\/uploads\/2026\/03\/mala-ohybacka-1024x680.jpg 1024w, https:\/\/dobrestrechy.sk\/wp-content\/uploads\/2026\/03\/mala-ohybacka-768x510.jpg 768w\" sizes=\"(max-width: 1227px) 100vw, 1227px\" \/><\/figure><div class=\"elementor-image-box-content\"><h3 class=\"elementor-image-box-title\">Malou oh\u00fdba\u010dkou<\/h3><\/div><\/div>\t\t\t\t<\/div>\n\t\t\t\t<div class=\"elementor-element elementor-element-12d3d2a elementor-position-top elementor-widget elementor-widget-image-box\" data-id=\"12d3d2a\" data-element_type=\"widget\" data-e-type=\"widget\" data-widget_type=\"image-box.default\">\n\t\t\t\t\t<div class=\"elementor-image-box-wrapper\"><figure class=\"elementor-image-box-img\"><img decoding=\"async\" width=\"1227\" height=\"815\" src=\"https:\/\/dobrestrechy.sk\/wp-content\/uploads\/2026\/03\/velka-ohybacka.jpg\" class=\"attachment-full size-full wp-image-121\" alt=\"\" srcset=\"https:\/\/dobrestrechy.sk\/wp-content\/uploads\/2026\/03\/velka-ohybacka.jpg 1227w, https:\/\/dobrestrechy.sk\/wp-content\/uploads\/2026\/03\/velka-ohybacka-300x199.jpg 300w, https:\/\/dobrestrechy.sk\/wp-content\/uploads\/2026\/03\/velka-ohybacka-1024x680.jpg 1024w, https:\/\/dobrestrechy.sk\/wp-content\/uploads\/2026\/03\/velka-ohybacka-768x510.jpg 768w\" sizes=\"(max-width: 1227px) 100vw, 1227px\" \/><\/figure><div class=\"elementor-image-box-content\"><h3 class=\"elementor-image-box-title\">Ve\u013ekou oh\u00fdba\u010dkou<\/h3><\/div><\/div>\t\t\t\t<\/div>\n\t\t\t\t\t<\/div>\n\t\t\t\t<\/div>\n\t\t\t\t<\/div>\n\t\t","protected":false},"excerpt":{"rendered":"<p>Klampiarska diel\u0148a Na\u0161a firma m\u00e1 k dispoz\u00edcii vlastn\u00fa diel\u0148u, kde si pripravuj\u00fa v\u0161etky potrebn\u00e9 (aj \u0161pecifick\u00e9) klampiarske v\u00fdrobky pod\u013ea po\u017eiadaviek stavieb. Nevyr\u00e1bame len typizovan\u00e9 produkty ale sna\u017e\u00edme sa prisp\u00f4sobi\u0165 po\u017eiadavk\u00e1m a n\u00e1rokom z\u00e1kazn\u00edka. Na\u0161a klampiarska diel\u0148a sa zaober\u00e1 vyr\u00e1ban\u00edm napr. : \u00a0hreben\u00e1\u010de , z\u00e1vetern\u00e9 li\u0161ty, okapov\u00e9 plechy, \u00fa\u017elabia, oplechovania kom\u00ednov, napojenia strechy na stenu, ale [&hellip;]<\/p>\n","protected":false},"author":1,"featured_media":0,"parent":0,"menu_order":0,"comment_status":"closed","ping_status":"closed","template":"","meta":{"footnotes":""},"class_list":["post-118","page","type-page","status-publish","hentry"],"_links":{"self":[{"href":"https:\/\/dobrestrechy.sk\/index.php\/wp-json\/wp\/v2\/pages\/118","targetHints":{"allow":["GET"]}}],"collection":[{"href":"https:\/\/dobrestrechy.sk\/index.php\/wp-json\/wp\/v2\/pages"}],"about":[{"href":"https:\/\/dobrestrechy.sk\/index.php\/wp-json\/wp\/v2\/types\/page"}],"author":[{"embeddable":true,"href":"https:\/\/dobrestrechy.sk\/index.php\/wp-json\/wp\/v2\/users\/1"}],"replies":[{"embeddable":true,"href":"https:\/\/dobrestrechy.sk\/index.php\/wp-json\/wp\/v2\/comments?post=118"}],"version-history":[{"count":4,"href":"https:\/\/dobrestrechy.sk\/index.php\/wp-json\/wp\/v2\/pages\/118\/revisions"}],"predecessor-version":[{"id":125,"href":"https:\/\/dobrestrechy.sk\/index.php\/wp-json\/wp\/v2\/pages\/118\/revisions\/125"}],"wp:attachment":[{"href":"https:\/\/dobrestrechy.sk\/index.php\/wp-json\/wp\/v2\/media?parent=118"}],"curies":[{"name":"wp","href":"https:\/\/api.w.org\/{rel}","templated":true}]}}