{"id":126,"date":"2026-03-03T16:10:15","date_gmt":"2026-03-03T15:10:15","guid":{"rendered":"https:\/\/dobrestrechy.sk\/new\/?page_id=126"},"modified":"2026-04-14T15:58:32","modified_gmt":"2026-04-14T14:58:32","slug":"odkvapovy-system","status":"publish","type":"page","link":"https:\/\/dobrestrechy.sk\/index.php\/odkvapovy-system\/","title":{"rendered":"Odkvapov\u00fd syst\u00e9m"},"content":{"rendered":"\t\t<div data-elementor-type=\"wp-page\" data-elementor-id=\"126\" class=\"elementor elementor-126\" data-elementor-settings=\"{&quot;ha_cmc_init_switcher&quot;:&quot;no&quot;}\">\n\t\t\t\t<div class=\"elementor-element elementor-element-fbe7916 e-con-full e-flex e-con e-parent\" data-id=\"fbe7916\" data-element_type=\"container\" data-e-type=\"container\" data-settings=\"{&quot;background_background&quot;:&quot;classic&quot;,&quot;_ha_eqh_enable&quot;:false}\">\n\t\t\t\t<div class=\"elementor-element elementor-element-48799bd elementor-widget elementor-widget-spacer\" data-id=\"48799bd\" data-element_type=\"widget\" data-e-type=\"widget\" data-widget_type=\"spacer.default\">\n\t\t\t\t\t\t\t<div class=\"elementor-spacer\">\n\t\t\t<div class=\"elementor-spacer-inner\"><\/div>\n\t\t<\/div>\n\t\t\t\t\t\t<\/div>\n\t\t\t\t<\/div>\n\t\t<div class=\"elementor-element elementor-element-125719e e-flex e-con-boxed e-con e-parent\" data-id=\"125719e\" data-element_type=\"container\" data-e-type=\"container\" data-settings=\"{&quot;_ha_eqh_enable&quot;:false}\">\n\t\t\t\t\t<div class=\"e-con-inner\">\n\t\t\t\t<div class=\"elementor-element elementor-element-ec10590 elementor-widget elementor-widget-spacer\" data-id=\"ec10590\" data-element_type=\"widget\" data-e-type=\"widget\" data-widget_type=\"spacer.default\">\n\t\t\t\t\t\t\t<div class=\"elementor-spacer\">\n\t\t\t<div class=\"elementor-spacer-inner\"><\/div>\n\t\t<\/div>\n\t\t\t\t\t\t<\/div>\n\t\t\t\t<div class=\"elementor-element elementor-element-8b4a2a2 elementor-widget elementor-widget-page-title\" data-id=\"8b4a2a2\" data-element_type=\"widget\" data-e-type=\"widget\" data-widget_type=\"page-title.default\">\n\t\t\t\t<div class=\"elementor-widget-container\">\n\t\t\t\t\t\t\t\n\t\t<div class=\"hfe-page-title hfe-page-title-wrapper elementor-widget-heading\">\n\n\t\t\t\t\t\t\t\t\t\t\t<a href=\"https:\/\/dobrestrechy.sk\">\n\t\t\t\t\t\t<h2 class=\"elementor-heading-title elementor-size-default\">\n\t\t\t\t\t\t\t\t\n\t\t\t\tOdkvapov\u00fd syst\u00e9m  \n\t\t\t<\/h2 > \n\t\t\t\t\t\t\t\t\t<\/a>\n\t\t\t\t\t<\/div>\n\t\t\t\t\t\t<\/div>\n\t\t\t\t<\/div>\n\t\t\t\t<div class=\"elementor-element elementor-element-7076ddb elementor-widget elementor-widget-text-editor\" data-id=\"7076ddb\" data-element_type=\"widget\" data-e-type=\"widget\" data-widget_type=\"text-editor.default\">\n\t\t\t\t\t\t\t\t\t<p>Pre zabezpe\u010denie funk\u010dnosti ka\u017edej strechy je potrebn\u00fd aj spr\u00e1vny odkvapov\u00fd syst\u00e9m. V\u00a0s\u00fa\u010dasnosti sa na trhu vyskytuje ve\u013ek\u00e9 mno\u017estvo materi\u00e1lov a\u00a0typov odkvapov\u00fdch prvkov. Od klasick\u00fdch plechov\u00fdch , cez r\u00f4zne zliatiny kovov, plastov\u00e9, hlin\u00edkov\u00e9 odkvapy \u010di kombin\u00e1cia kovu a\u00a0plastu.<\/p><p>V\u00a0pr\u00edpade ch\u00fdbaj\u00facich, po\u0161koden\u00fdch alebo upchan\u00fdch \u017e\u013eabov sa stane situ\u00e1cia, \u017ee voda stek\u00e1 po povrchu steny, \u010d\u00edm sp\u00f4sobuje vlhnutie\u00a0 a\u00a0nakoniec \u00fapln\u00fa de\u0161trukciu steny. Odkvapov\u00fd syst\u00e9m m\u00e1 teda opodstatnenie.<\/p><p>Teraz V\u00e1m pribl\u00ed\u017eime charakteristiku jednotliv\u00fdch materi\u00e1lov , z\u00a0ktor\u00fdch sa vyr\u00e1ba odkvapov\u00fd syst\u00e9m:<\/p><p>\u2013\u00a0\u00a0\u00a0\u00a0\u00a0\u00a0\u00a0\u00a0\u00a0 Pozink \u2013 (galvanicky pozinkovan\u00e1 oce\u013e ) je v\u0161eobecne najzn\u00e1mej\u0161\u00ed a\u00a0najroz\u0161\u00edrenej\u0161\u00ed materi\u00e1l v\u010faka jeho n\u00edzkej zaobstar\u00e1vacej cene. Jeho nev\u00fdhodou oproti materi\u00e1lom ako s\u00fa napr\u00edklad me\u010f a\u00a0tit\u00e1n- zinok je krat\u0161ia \u017eivotnos\u0165 ( kor\u00f3zia). Z\u00a0tohto d\u00f4vodu je nutn\u00e1 povrchov\u00e1 ochrana, \u010do v\u00a0kone\u010dnom d\u00f4sledku zvy\u0161uje jeho cenu.<\/p><p>\u2013\u00a0\u00a0\u00a0\u00a0\u00a0\u00a0\u00a0\u00a0\u00a0 Me\u010f \u2013 je jeden z\u00a0u\u0161\u013eachtil\u00fdch kovov s\u00a0najbohat\u0161ou hist\u00f3riou v\u00a0oblasti pou\u017eitia pri pokr\u00fdvan\u00ed striech. U\u017e odd\u00e1vna bola me\u010f uprednost\u0148ovan\u00e1 pri pokr\u00fdvan\u00ed kostolov. V\u00a0s\u00fa\u010dasnosti patr\u00ed odkvapov\u00fd syst\u00e9m v\u00a0medenom preveden\u00ed medzi ob\u013e\u00faben\u00e9 najm\u00e4 pre vysok\u00fa \u017eivotnos\u0165 \u00a0zabezpe\u010den\u00fa tvorbou samo-obnovite\u013enej patiny.<\/p><p>\u2013\u00a0\u00a0\u00a0\u00a0\u00a0\u00a0\u00a0\u00a0\u00a0 Tit\u00e1n \u2013 zinok Rheinzink \u2013 je to zliatina najvy\u0161\u0161ej kvality. Z\u00e1klad materi\u00e1lu tvor\u00ed \u010dist\u00fd zinok 99,995 % legovan\u00fd pr\u00edmesou medi a\u00a0tit\u00e1nu. Tvorba prirodzenej ochrannej vrstvy\u00a0 \u2013 patiny sp\u00f4sobuje, \u017ee odkvapov\u00e9 syst\u00e9my sp\u013a\u0148aj\u00fa svoju \u00falohu desa\u0165ro\u010dia bez nutnosti ochrann\u00fdch n\u00e1terov.<\/p><p>\u2013\u00a0\u00a0\u00a0\u00a0\u00a0\u00a0\u00a0\u00a0\u00a0 Nerez \u2013 je vysoko kvalitn\u00e1 nehrdzavej\u00faca oce\u013e. Zara\u010fuje sa k\u00a0pevn\u00fdm , dobre tvarovate\u013en\u00fdm materi\u00e1lom a\u00a0je vzh\u013eadovo st\u00e1la. Pr\u00e1ca s\u00a0t\u00fdmto materi\u00e1lom je mo\u017en\u00e1 i\u00a0pri n\u00edzkych teplot\u00e1ch, preto\u017ee nie je krehk\u00e1 a\u00a0nel\u00e1me sa ako in\u00e9 materi\u00e1ly. V\u00a0architekt\u00fare\u00a0 a\u00a0stavite\u013estve sa pou\u017e\u00edva nerez nielen pre jej estetickos\u0165, ale hlavne kv\u00f4li dlhodobej \u017eivotnosti, odol\u00e1va kor\u00f3zii a\u00a0je ekologicky nez\u00e1vadn\u00e1.<\/p><p>\u2013\u00a0\u00a0\u00a0\u00a0\u00a0\u00a0\u00a0\u00a0\u00a0 Pozink farben\u00fd \u2013 sp\u00e1ja v\u00a0sebe vynikaj\u00face mechanick\u00e9 vlastnosti pozinkovanej ocele s\u00a0dostato\u010dnou ochranou proti kor\u00f3zii vo forme organickej povrchovej \u00fapravy v\u00a0hr\u00fabke 25 , alebo 50 mikr\u00f3nov. Pre farben\u00fd pozink sa ako povrchov\u00e1 \u00faprava pou\u017e\u00edva polyuret\u00e1n , ktor\u00fd m\u00e1 lep\u0161ie vlastnosti pri tvarovan\u00ed, st\u00e1lej\u0161\u00ed farebn\u00fd odtie\u0148 a\u00a0je odolnej\u0161\u00ed proti poveternostn\u00fdm podmienkam.<\/p><p>\u2013\u00a0\u00a0\u00a0\u00a0\u00a0\u00a0\u00a0\u00a0\u00a0 Hlin\u00edk farben\u00fd \u2013 sp\u00e1ja v\u00a0sebe vynikaj\u00face vlastnosti hlin\u00edku pre jeho dostato\u010dn\u00fa pevnos\u0165 pro v\u00fdbornej tv\u00e1rnosti s\u00a0dostato\u010dnou ochranou proti oxid\u00e1cii vo forme organickej povrchovej \u00fapravy a\u00a0\u0161irokej \u0161k\u00e1le farieb. Povrchovo sa upravuje pomocou polyuret\u00e1nu. V\u010faka tomu pri oh\u00fdban\u00ed a\u00a0tvarovan\u00ed nepuk\u00e1, nevznikaj\u00fa mikrovl\u00e1so\u010dnicov\u00e9\u00a0 trhliny a\u00a0je odolnej\u0161\u00ed vo\u010di poveternostn\u00fdm podmienkam.<\/p><p>N\u00e1\u0161 odkvapov\u00fd syst\u00e9m m\u00f4\u017ee by\u0165 namontovan\u00fd na novostavby, ale aj v\u00a0pr\u00edpade , \u017ee renovujete u\u017e existuj\u00faci objekt. V\u00fdborne ho m\u00f4\u017eete zladi\u0165 ku v\u0161etk\u00fdm druhom kryt\u00edn.<\/p>\t\t\t\t\t\t\t\t<\/div>\n\t\t\t\t\t<\/div>\n\t\t\t\t<\/div>\n\t\t\t\t<\/div>\n\t\t","protected":false},"excerpt":{"rendered":"<p>Odkvapov\u00fd syst\u00e9m Pre zabezpe\u010denie funk\u010dnosti ka\u017edej strechy je potrebn\u00fd aj spr\u00e1vny odkvapov\u00fd syst\u00e9m. V\u00a0s\u00fa\u010dasnosti sa na trhu vyskytuje ve\u013ek\u00e9 mno\u017estvo materi\u00e1lov a\u00a0typov odkvapov\u00fdch prvkov. Od klasick\u00fdch plechov\u00fdch , cez r\u00f4zne zliatiny kovov, plastov\u00e9, hlin\u00edkov\u00e9 odkvapy \u010di kombin\u00e1cia kovu a\u00a0plastu. V\u00a0pr\u00edpade ch\u00fdbaj\u00facich, po\u0161koden\u00fdch alebo upchan\u00fdch \u017e\u013eabov sa stane situ\u00e1cia, \u017ee voda stek\u00e1 po povrchu steny, \u010d\u00edm [&hellip;]<\/p>\n","protected":false},"author":1,"featured_media":0,"parent":0,"menu_order":0,"comment_status":"closed","ping_status":"closed","template":"","meta":{"footnotes":""},"class_list":["post-126","page","type-page","status-publish","hentry"],"_links":{"self":[{"href":"https:\/\/dobrestrechy.sk\/index.php\/wp-json\/wp\/v2\/pages\/126","targetHints":{"allow":["GET"]}}],"collection":[{"href":"https:\/\/dobrestrechy.sk\/index.php\/wp-json\/wp\/v2\/pages"}],"about":[{"href":"https:\/\/dobrestrechy.sk\/index.php\/wp-json\/wp\/v2\/types\/page"}],"author":[{"embeddable":true,"href":"https:\/\/dobrestrechy.sk\/index.php\/wp-json\/wp\/v2\/users\/1"}],"replies":[{"embeddable":true,"href":"https:\/\/dobrestrechy.sk\/index.php\/wp-json\/wp\/v2\/comments?post=126"}],"version-history":[{"count":4,"href":"https:\/\/dobrestrechy.sk\/index.php\/wp-json\/wp\/v2\/pages\/126\/revisions"}],"predecessor-version":[{"id":131,"href":"https:\/\/dobrestrechy.sk\/index.php\/wp-json\/wp\/v2\/pages\/126\/revisions\/131"}],"wp:attachment":[{"href":"https:\/\/dobrestrechy.sk\/index.php\/wp-json\/wp\/v2\/media?parent=126"}],"curies":[{"name":"wp","href":"https:\/\/api.w.org\/{rel}","templated":true}]}}