{"id":177,"date":"2026-03-03T16:52:11","date_gmt":"2026-03-03T15:52:11","guid":{"rendered":"https:\/\/dobrestrechy.sk\/new\/?page_id=177"},"modified":"2026-04-14T15:58:32","modified_gmt":"2026-04-14T14:58:32","slug":"pultova-strecha","status":"publish","type":"page","link":"https:\/\/dobrestrechy.sk\/index.php\/pultova-strecha\/","title":{"rendered":"Pultov\u00e1 strecha"},"content":{"rendered":"\t\t<div data-elementor-type=\"wp-page\" data-elementor-id=\"177\" class=\"elementor elementor-177\" data-elementor-settings=\"{&quot;ha_cmc_init_switcher&quot;:&quot;no&quot;}\">\n\t\t\t\t<div class=\"elementor-element elementor-element-fbe7916 e-con-full e-flex e-con e-parent\" data-id=\"fbe7916\" data-element_type=\"container\" data-e-type=\"container\" data-settings=\"{&quot;background_background&quot;:&quot;classic&quot;,&quot;_ha_eqh_enable&quot;:false}\">\n\t\t\t\t<div class=\"elementor-element elementor-element-48799bd elementor-widget elementor-widget-spacer\" data-id=\"48799bd\" data-element_type=\"widget\" data-e-type=\"widget\" data-widget_type=\"spacer.default\">\n\t\t\t\t\t\t\t<div class=\"elementor-spacer\">\n\t\t\t<div class=\"elementor-spacer-inner\"><\/div>\n\t\t<\/div>\n\t\t\t\t\t\t<\/div>\n\t\t\t\t<\/div>\n\t\t<div class=\"elementor-element elementor-element-125719e e-flex e-con-boxed e-con e-parent\" data-id=\"125719e\" data-element_type=\"container\" data-e-type=\"container\" data-settings=\"{&quot;_ha_eqh_enable&quot;:false}\">\n\t\t\t\t\t<div class=\"e-con-inner\">\n\t\t\t\t<div class=\"elementor-element elementor-element-ec10590 elementor-widget elementor-widget-spacer\" data-id=\"ec10590\" data-element_type=\"widget\" data-e-type=\"widget\" data-widget_type=\"spacer.default\">\n\t\t\t\t\t\t\t<div class=\"elementor-spacer\">\n\t\t\t<div class=\"elementor-spacer-inner\"><\/div>\n\t\t<\/div>\n\t\t\t\t\t\t<\/div>\n\t\t\t\t<div class=\"elementor-element elementor-element-8b4a2a2 elementor-widget elementor-widget-page-title\" data-id=\"8b4a2a2\" data-element_type=\"widget\" data-e-type=\"widget\" data-widget_type=\"page-title.default\">\n\t\t\t\t<div class=\"elementor-widget-container\">\n\t\t\t\t\t\t\t\n\t\t<div class=\"hfe-page-title hfe-page-title-wrapper elementor-widget-heading\">\n\n\t\t\t\t\t\t\t\t\t\t\t<a href=\"https:\/\/dobrestrechy.sk\">\n\t\t\t\t\t\t<h2 class=\"elementor-heading-title elementor-size-default\">\n\t\t\t\t\t\t\t\t\n\t\t\t\tPultov\u00e1 strecha  \n\t\t\t<\/h2 > \n\t\t\t\t\t\t\t\t\t<\/a>\n\t\t\t\t\t<\/div>\n\t\t\t\t\t\t<\/div>\n\t\t\t\t<\/div>\n\t\t\t\t<div class=\"elementor-element elementor-element-7076ddb elementor-widget elementor-widget-text-editor\" data-id=\"7076ddb\" data-element_type=\"widget\" data-e-type=\"widget\" data-widget_type=\"text-editor.default\">\n\t\t\t\t\t\t\t\t\t<p>Pultov\u00e1 strecha je strecha naklonen\u00e1 do jednej strany. V\u00a0z\u00e1vislosti od sklonu m\u00f4\u017ee patri\u0165 medzi ploch\u00e9 alebo \u0161ikm\u00e9 strechy. Je ve\u013emi podobn\u00e1 streche plochej a\u00a0aj pr\u00e1ve preto je \u010dasto nespr\u00e1vne za \u0148u zamie\u0148an\u00e1.<\/p><p>Pultov\u00e1 strecha m\u00e1 len jednu stre\u0161n\u00fa rovinu s\u00a0hrebe\u0148om a\u00a0odkvapom a\u00a0tri \u0161t\u00edty ( dva bo\u010dn\u00e9 a\u00a0hrebe\u0148ov\u00fd). Pou\u017e\u00edva sa teda predov\u0161etk\u00fdm na stavby na hranici pozemkov, na pr\u00edstavby, na \u010dasti domov priliehaj\u00facich pozd\u013a\u017ene k\u00a0susedn\u00fdm domom a\u00a0v\u00a0ekologickej architekt\u00fare na tzv. akt\u00edvne sol\u00e1rne domy.<\/p><p>\u010co sa t\u00fdka n\u00e1ro\u010dnosti ,tak je to ve\u013emi jednoduch\u00fd typ zastre\u0161enia. \u010casto tento typ strechy nach\u00e1dza uplatnenie pri ekologick\u00fdch drevodomoch., kde je fas\u00e1da budovy orientovan\u00e1 na slne\u010dn\u00fa stranu. V\u00a0pr\u00edpade pou\u017eitia ve\u013ek\u00fdch okenn\u00fdch pl\u00f4ch , slne\u010dn\u00e1 energia pr\u00fadiaca do vn\u00fatra drevostavby prin\u00e1\u0161a pomerne ve\u013ek\u00e9 energetick\u00e9 \u00faspory.<\/p><p>Pultov\u00e1 strecha sa d\u00e1 pou\u017ei\u0165\u00a0na zhotovenie pr\u00edstre\u0161kov a\u00a0pre svoju jednoduchos\u0165 je v\u00a0na\u0161ich podmienkach \u010dasto roz\u0161\u00edren\u00e1 v\u00a0rodinnej alebo bytovej z\u00e1stavbe.<\/p><p>Naj\u010dastej\u0161ie pri pultov\u00fdch strech\u00e1ch pou\u017e\u00edvame falcovan\u00fa krytinu , preto\u017ee je ju mo\u017en\u00e9 pou\u017ei\u0165 u\u017e od sklonu 3\u00b0.Vy\u0161\u0161ia pultov\u00e1 strecha sa zvy\u010dajne nerob\u00ed, preto\u017ee by st\u00fapala pr\u00edli\u0161 vysoko. Taktie\u017e strechy s\u00a0n\u00edzkym slonom maj\u00fa v\u00fdhodu, \u017ee zni\u017euj\u00fa rozdiely mno\u017estva prepusten\u00e9ho tepla , \u010do znamen\u00e1, \u017ee lep\u0161ie ochladzuj\u00fa kon\u0161trukciu strechy.<\/p><p>Tento tvar strechy je taktie\u017e rozhoduj\u00faci pre to, ako \u010faleko budete m\u00f4c\u0165 vyu\u017e\u00edva\u0165 priestor priamo pod strechou. Toto je jedna z\u00a0nev\u00fdhod , ktor\u00e9 pultov\u00e1 strecha pon\u00faka.\u00a0 Vznik\u00e1 v\u00a0podkrov\u00ed preto n\u00edzky priestor, ktor\u00fd sa ned\u00e1 vyu\u017ei\u0165 v\u00f4bec, alebo len obmedzene.<\/p><p>V\u00fdhoda tohto typu strechy je ale v\u00a0prev\u00e1dzkov\u00fdch n\u00e1kladoch , teda v\u00fddajoch za k\u00farenie, \u010do s\u00favis\u00ed s\u00a0ve\u013ekos\u0165ou ohrievanej plochy. Je o\u010dividn\u00e9 ,\u017ee tvar strechy ovplyvn\u00ed aj cenu, ktor\u00fa za \u0148u zaplat\u00edme. Rozdiely s\u00fa ako v\u00a0mno\u017estve spotrebovan\u00e9ho materi\u00e1lu a\u00a0hlavne stre\u0161n\u00fdch doplnkov, ktor\u00fdch pultov\u00e1 strecha nepotrebuje tak ve\u013ek\u00e9 mno\u017estvo a\u00a0taktie\u017e v\u00a0jednoduch\u0161ej pr\u00e1ci. Zni\u017euje to pracnos\u0165\u00a0 a je nen\u00e1ro\u010dn\u00e1 na \u010das.<\/p>\t\t\t\t\t\t\t\t<\/div>\n\t\t\t\t\t<\/div>\n\t\t\t\t<\/div>\n\t\t\t\t<\/div>\n\t\t","protected":false},"excerpt":{"rendered":"<p>Pultov\u00e1 strecha Pultov\u00e1 strecha je strecha naklonen\u00e1 do jednej strany. V\u00a0z\u00e1vislosti od sklonu m\u00f4\u017ee patri\u0165 medzi ploch\u00e9 alebo \u0161ikm\u00e9 strechy. Je ve\u013emi podobn\u00e1 streche plochej a\u00a0aj pr\u00e1ve preto je \u010dasto nespr\u00e1vne za \u0148u zamie\u0148an\u00e1. Pultov\u00e1 strecha m\u00e1 len jednu stre\u0161n\u00fa rovinu s\u00a0hrebe\u0148om a\u00a0odkvapom a\u00a0tri \u0161t\u00edty ( dva bo\u010dn\u00e9 a\u00a0hrebe\u0148ov\u00fd). Pou\u017e\u00edva sa teda predov\u0161etk\u00fdm na stavby [&hellip;]<\/p>\n","protected":false},"author":1,"featured_media":0,"parent":0,"menu_order":0,"comment_status":"closed","ping_status":"closed","template":"","meta":{"footnotes":""},"class_list":["post-177","page","type-page","status-publish","hentry"],"_links":{"self":[{"href":"https:\/\/dobrestrechy.sk\/index.php\/wp-json\/wp\/v2\/pages\/177","targetHints":{"allow":["GET"]}}],"collection":[{"href":"https:\/\/dobrestrechy.sk\/index.php\/wp-json\/wp\/v2\/pages"}],"about":[{"href":"https:\/\/dobrestrechy.sk\/index.php\/wp-json\/wp\/v2\/types\/page"}],"author":[{"embeddable":true,"href":"https:\/\/dobrestrechy.sk\/index.php\/wp-json\/wp\/v2\/users\/1"}],"replies":[{"embeddable":true,"href":"https:\/\/dobrestrechy.sk\/index.php\/wp-json\/wp\/v2\/comments?post=177"}],"version-history":[{"count":4,"href":"https:\/\/dobrestrechy.sk\/index.php\/wp-json\/wp\/v2\/pages\/177\/revisions"}],"predecessor-version":[{"id":182,"href":"https:\/\/dobrestrechy.sk\/index.php\/wp-json\/wp\/v2\/pages\/177\/revisions\/182"}],"wp:attachment":[{"href":"https:\/\/dobrestrechy.sk\/index.php\/wp-json\/wp\/v2\/media?parent=177"}],"curies":[{"name":"wp","href":"https:\/\/api.w.org\/{rel}","templated":true}]}}