{"id":183,"date":"2026-03-03T16:53:40","date_gmt":"2026-03-03T15:53:40","guid":{"rendered":"https:\/\/dobrestrechy.sk\/new\/?page_id=183"},"modified":"2026-04-14T15:58:32","modified_gmt":"2026-04-14T14:58:32","slug":"sedlova-strecha","status":"publish","type":"page","link":"https:\/\/dobrestrechy.sk\/index.php\/sedlova-strecha\/","title":{"rendered":"Sedlov\u00e1 strecha"},"content":{"rendered":"\t\t<div data-elementor-type=\"wp-page\" data-elementor-id=\"183\" class=\"elementor elementor-183\" data-elementor-settings=\"{&quot;ha_cmc_init_switcher&quot;:&quot;no&quot;}\">\n\t\t\t\t<div class=\"elementor-element elementor-element-fbe7916 e-con-full e-flex e-con e-parent\" data-id=\"fbe7916\" data-element_type=\"container\" data-e-type=\"container\" data-settings=\"{&quot;background_background&quot;:&quot;classic&quot;,&quot;_ha_eqh_enable&quot;:false}\">\n\t\t\t\t<div class=\"elementor-element elementor-element-48799bd elementor-widget elementor-widget-spacer\" data-id=\"48799bd\" data-element_type=\"widget\" data-e-type=\"widget\" data-widget_type=\"spacer.default\">\n\t\t\t\t\t\t\t<div class=\"elementor-spacer\">\n\t\t\t<div class=\"elementor-spacer-inner\"><\/div>\n\t\t<\/div>\n\t\t\t\t\t\t<\/div>\n\t\t\t\t<\/div>\n\t\t<div class=\"elementor-element elementor-element-125719e e-flex e-con-boxed e-con e-parent\" data-id=\"125719e\" data-element_type=\"container\" data-e-type=\"container\" data-settings=\"{&quot;_ha_eqh_enable&quot;:false}\">\n\t\t\t\t\t<div class=\"e-con-inner\">\n\t\t\t\t<div class=\"elementor-element elementor-element-ec10590 elementor-widget elementor-widget-spacer\" data-id=\"ec10590\" data-element_type=\"widget\" data-e-type=\"widget\" data-widget_type=\"spacer.default\">\n\t\t\t\t\t\t\t<div class=\"elementor-spacer\">\n\t\t\t<div class=\"elementor-spacer-inner\"><\/div>\n\t\t<\/div>\n\t\t\t\t\t\t<\/div>\n\t\t\t\t<div class=\"elementor-element elementor-element-8b4a2a2 elementor-widget elementor-widget-page-title\" data-id=\"8b4a2a2\" data-element_type=\"widget\" data-e-type=\"widget\" data-widget_type=\"page-title.default\">\n\t\t\t\t<div class=\"elementor-widget-container\">\n\t\t\t\t\t\t\t\n\t\t<div class=\"hfe-page-title hfe-page-title-wrapper elementor-widget-heading\">\n\n\t\t\t\t\t\t\t\t\t\t\t<a href=\"https:\/\/dobrestrechy.sk\">\n\t\t\t\t\t\t<h2 class=\"elementor-heading-title elementor-size-default\">\n\t\t\t\t\t\t\t\t\n\t\t\t\tSedlov\u00e1 strecha  \n\t\t\t<\/h2 > \n\t\t\t\t\t\t\t\t\t<\/a>\n\t\t\t\t\t<\/div>\n\t\t\t\t\t\t<\/div>\n\t\t\t\t<\/div>\n\t\t\t\t<div class=\"elementor-element elementor-element-7076ddb elementor-widget elementor-widget-text-editor\" data-id=\"7076ddb\" data-element_type=\"widget\" data-e-type=\"widget\" data-widget_type=\"text-editor.default\">\n\t\t\t\t\t\t\t\t\t<p>Sedlov\u00e1 strecha je historicky jedn\u00fdm z\u00a0najzbe\u017enej\u0161\u00edch typov strechy pou\u017e\u00edvan\u00fdch na Slovensku ako aj na celom svete. M\u00e1 dve stre\u0161n\u00e9 roviny s\u00a0priamo\u010diarym hrebe\u0148om , dvoma odkvapmi a\u00a0dvomi \u0161t\u00edtmi . Stavebne je to ve\u013emi jednoduch\u00e1 varianta a\u00a0patr\u00ed do skupiny finan\u010dne menej n\u00e1ro\u010dn\u00fdch typov striech. Sedlov\u00e1 strecha je naj\u010dastej\u0161ie navrhovan\u00e1 na sklon v\u00a0rozmedz\u00ed 25\u00b0 a\u017e 45\u00b0, ale m\u00f4\u017ee by\u0165 aj v\u00e4\u010d\u0161\u00ed.<\/p><p>Pod\u013ea v\u0161eobecne roz\u0161\u00edren\u00e9ho trendu v\u00a0s\u00fa\u010dasnom stavebn\u00edctve sa \u0161ikm\u00e1 strecha sklad\u00e1 z\u00a0nosnej stre\u0161nej kon\u0161trukcie , jedn\u00e9ho alebo nieko\u013eko stre\u0161n\u00fdch pl\u00e1\u0161\u0165ov\u00a0 oddelen\u00fdch vzduchov\u00fdmi vrstvami a\u00a0doplnkov\u00fdmi kon\u0161trukciami a\u00a0prvkami. V minulosti b\u00fdvali strechy jednopl\u00e1\u0161\u0165ov\u00e9 bez vetracej medzery pod krytinou. Dnes sa naj\u010dastej\u0161ie realizuj\u00fa dvojpl\u00e1\u0161\u0165ov\u00e9 strechy s\u00a0poistnou hydroizola\u010dnou f\u00f3liou a\u00a0vetracou medzerou, ktor\u00e1 je pribli\u017ene 4 cm pod krytinou.<\/p><p>Pre\u010do je v\u0161ak sedlov\u00e1 strecha najroz\u0161\u00edrenej\u0161ia a\u00a0najob\u013e\u00fabenej\u0161ia ?<\/p><p>Ob\u013e\u00faben\u00e1 je predov\u0161etk\u00fdm v\u010faka svojej funk\u010dnosti , jednoduchosti a\u00a0t\u00fdm p\u00e1dom aj ni\u017e\u0161ej cene. Ka\u017ed\u00e9 mal\u00e9 die\u0165a si pod pojmom strecha predstav\u00ed dve \u0161ikm\u00e9 plochy, ktor\u00e9 sa dot\u00fdkaj\u00fa jednou stranou v\u00a0najvy\u0161\u0161om bode. A\u00a0pr\u00e1ve t\u00e1to a\u017e detsk\u00e1 jednoduchos\u0165 vytv\u00e1ra zo sedlovej strechy dokonal\u00fa stre\u0161n\u00fa kon\u0161trukciu, ktor\u00e1 sa v\u00a0priebehu hist\u00f3rie osved\u010dila.<\/p><p>Tak ako ka\u017ed\u00e1 strecha , aj sedlov\u00e1 strecha m\u00e1 za \u00falohu odv\u00e1dza\u0165 vodu z\u00a0hornej \u010dasti stavby a\u00a0br\u00e1ni\u0165 jej nahromadeniu, ktor\u00e9 by mohlo postupne zapr\u00ed\u010dini\u0165 po\u0161kodenie jej kon\u0161trukcie.<\/p><p>Nespornou technickou v\u00fdhodou, ktor\u00fa sedlov\u00e1 strecha m\u00e1 je jej \u013eahk\u00e1 aplikovate\u013enos\u0165, pri nej okrem priestorov okien alebo kom\u00ednov nie je potrebn\u00e9 reza\u0165 krytinu, v\u010faka jednoduch\u00e9mu tvaru strechy.<\/p><p>V\u00a0posledn\u00fdch rokoch sa s\u00a0rozvojom nov\u00fdch technol\u00f3gi\u00ed st\u00e1le \u010dastej\u0161ie objavuj\u00fa fotovoltaick\u00e9 syst\u00e9my pre v\u00fdrobu elektriny alebo sol\u00e1rne syst\u00e9my pre ohrev teplej vody. Sedlov\u00e1 strecha je ide\u00e1lnym tvarom, ktor\u00fd spr\u00e1vnym nastaven\u00edm domu pod\u013ea svetov\u00fdch str\u00e1n umo\u017e\u0148uje naj\u013eah\u0161iu in\u0161tal\u00e1ciu t\u00fdchto syst\u00e9mov a\u00a0zni\u017euje tak postupom \u010dasu energetick\u00fa n\u00e1ro\u010dnos\u0165 stavby. Sedlov\u00fa strechu nakoniec ocen\u00ed aj majite\u013eova pe\u0148a\u017eenka vzh\u013eadom k\u00a0jednoduch\u00e9mu tvaru a\u00a0teda k\u00a0\u00faspore materi\u00e1lu.<\/p>\t\t\t\t\t\t\t\t<\/div>\n\t\t\t\t\t<\/div>\n\t\t\t\t<\/div>\n\t\t\t\t<\/div>\n\t\t","protected":false},"excerpt":{"rendered":"<p>Sedlov\u00e1 strecha Sedlov\u00e1 strecha je historicky jedn\u00fdm z\u00a0najzbe\u017enej\u0161\u00edch typov strechy pou\u017e\u00edvan\u00fdch na Slovensku ako aj na celom svete. M\u00e1 dve stre\u0161n\u00e9 roviny s\u00a0priamo\u010diarym hrebe\u0148om , dvoma odkvapmi a\u00a0dvomi \u0161t\u00edtmi . Stavebne je to ve\u013emi jednoduch\u00e1 varianta a\u00a0patr\u00ed do skupiny finan\u010dne menej n\u00e1ro\u010dn\u00fdch typov striech. Sedlov\u00e1 strecha je naj\u010dastej\u0161ie navrhovan\u00e1 na sklon v\u00a0rozmedz\u00ed 25\u00b0 a\u017e 45\u00b0, [&hellip;]<\/p>\n","protected":false},"author":1,"featured_media":0,"parent":0,"menu_order":0,"comment_status":"closed","ping_status":"closed","template":"","meta":{"footnotes":""},"class_list":["post-183","page","type-page","status-publish","hentry"],"_links":{"self":[{"href":"https:\/\/dobrestrechy.sk\/index.php\/wp-json\/wp\/v2\/pages\/183","targetHints":{"allow":["GET"]}}],"collection":[{"href":"https:\/\/dobrestrechy.sk\/index.php\/wp-json\/wp\/v2\/pages"}],"about":[{"href":"https:\/\/dobrestrechy.sk\/index.php\/wp-json\/wp\/v2\/types\/page"}],"author":[{"embeddable":true,"href":"https:\/\/dobrestrechy.sk\/index.php\/wp-json\/wp\/v2\/users\/1"}],"replies":[{"embeddable":true,"href":"https:\/\/dobrestrechy.sk\/index.php\/wp-json\/wp\/v2\/comments?post=183"}],"version-history":[{"count":4,"href":"https:\/\/dobrestrechy.sk\/index.php\/wp-json\/wp\/v2\/pages\/183\/revisions"}],"predecessor-version":[{"id":188,"href":"https:\/\/dobrestrechy.sk\/index.php\/wp-json\/wp\/v2\/pages\/183\/revisions\/188"}],"wp:attachment":[{"href":"https:\/\/dobrestrechy.sk\/index.php\/wp-json\/wp\/v2\/media?parent=183"}],"curies":[{"name":"wp","href":"https:\/\/api.w.org\/{rel}","templated":true}]}}