{"id":189,"date":"2026-03-03T16:55:30","date_gmt":"2026-03-03T15:55:30","guid":{"rendered":"https:\/\/dobrestrechy.sk\/new\/?page_id=189"},"modified":"2026-03-03T16:56:34","modified_gmt":"2026-03-03T15:56:34","slug":"valbova-strecha","status":"publish","type":"page","link":"https:\/\/dobrestrechy.sk\/index.php\/valbova-strecha\/","title":{"rendered":"Valbov\u00e1 strecha"},"content":{"rendered":"\t\t<div data-elementor-type=\"wp-page\" data-elementor-id=\"189\" class=\"elementor elementor-189\" data-elementor-settings=\"{&quot;ha_cmc_init_switcher&quot;:&quot;no&quot;}\">\n\t\t\t\t<div class=\"elementor-element elementor-element-fbe7916 e-con-full e-flex e-con e-parent\" data-id=\"fbe7916\" data-element_type=\"container\" data-e-type=\"container\" data-settings=\"{&quot;background_background&quot;:&quot;classic&quot;,&quot;_ha_eqh_enable&quot;:false}\">\n\t\t\t\t<div class=\"elementor-element elementor-element-48799bd elementor-widget elementor-widget-spacer\" data-id=\"48799bd\" data-element_type=\"widget\" data-e-type=\"widget\" data-widget_type=\"spacer.default\">\n\t\t\t\t\t\t\t<div class=\"elementor-spacer\">\n\t\t\t<div class=\"elementor-spacer-inner\"><\/div>\n\t\t<\/div>\n\t\t\t\t\t\t<\/div>\n\t\t\t\t<\/div>\n\t\t<div class=\"elementor-element elementor-element-125719e e-flex e-con-boxed e-con e-parent\" data-id=\"125719e\" data-element_type=\"container\" data-e-type=\"container\" data-settings=\"{&quot;_ha_eqh_enable&quot;:false}\">\n\t\t\t\t\t<div class=\"e-con-inner\">\n\t\t\t\t<div class=\"elementor-element elementor-element-ec10590 elementor-widget elementor-widget-spacer\" data-id=\"ec10590\" data-element_type=\"widget\" data-e-type=\"widget\" data-widget_type=\"spacer.default\">\n\t\t\t\t\t\t\t<div class=\"elementor-spacer\">\n\t\t\t<div class=\"elementor-spacer-inner\"><\/div>\n\t\t<\/div>\n\t\t\t\t\t\t<\/div>\n\t\t\t\t<div class=\"elementor-element elementor-element-8b4a2a2 elementor-widget elementor-widget-page-title\" data-id=\"8b4a2a2\" data-element_type=\"widget\" data-e-type=\"widget\" data-widget_type=\"page-title.default\">\n\t\t\t\t<div class=\"elementor-widget-container\">\n\t\t\t\t\t\t\t\n\t\t<div class=\"hfe-page-title hfe-page-title-wrapper elementor-widget-heading\">\n\n\t\t\t\t\t\t\t\t\t\t\t<a href=\"https:\/\/dobrestrechy.sk\">\n\t\t\t\t\t\t<h2 class=\"elementor-heading-title elementor-size-default\">\n\t\t\t\t\t\t\t\t\n\t\t\t\tValbov\u00e1 strecha  \n\t\t\t<\/h2 > \n\t\t\t\t\t\t\t\t\t<\/a>\n\t\t\t\t\t<\/div>\n\t\t\t\t\t\t<\/div>\n\t\t\t\t<\/div>\n\t\t\t\t<div class=\"elementor-element elementor-element-7076ddb elementor-widget elementor-widget-text-editor\" data-id=\"7076ddb\" data-element_type=\"widget\" data-e-type=\"widget\" data-widget_type=\"text-editor.default\">\n\t\t\t\t\t\t\t\t\t<p>Podobn\u00e1 sedlovej streche je strecha valbov\u00e1. L\u00ed\u0161i sa od nej t\u00fdm, \u017ee m\u00e1 na oboch koncoch miesto \u0161t\u00edtov roviny, teda valby. Pokia\u013e s\u00fa odkvapy t\u00fdchto rov\u00edn v\u00a0rovnakej v\u00fd\u0161ke ako odkvapy sedlovej strechy , je to strecha valbov\u00e1 , pokia\u013e s\u00fa vy\u0161\u0161ie , naz\u00fdva sa tak\u00e1to strecha podvalbov\u00e1.<\/p><p>Podvalbov\u00e9 strechy s\u00fa be\u017ene na tzv. \u013eudov\u00fdch strech\u00e1ch ( chalup\u00e1ch ) v\u00a0oblasti \u010ceskej a\u00a0Slovenskej republiky.<\/p><p>Medzi spomenut\u00fdmi typmi striech , valbov\u00e1 strecha m\u00e1 najmen\u0161\u00ed obstavan\u00fd priestor. Jej pou\u017eitie m\u00e1 ve\u013ek\u00fd v\u00fdznam pri zastre\u0161ovan\u00ed domov z\u00a0dreva do tvaru L.<\/p><p>Valbov\u00fa strechu je \u0165a\u017e\u0161ie a\u00a0n\u00e1ro\u010dnej\u0161ie postavi\u0165 ako sedlov\u00fa strechu, preto\u017ee vy\u017eaduje o\u00a0nie\u010do zlo\u017eitej\u0161ie syst\u00e9my krovov a\u00a0v\u00e4zieb. Aj napriek tomu ,\u017ee valbov\u00e1 strecha je n\u00e1ro\u010dnej\u0161ia na kon\u0161trukciu , \u010do sa t\u00fdka obvodov\u00fdch m\u00farov s\u00fa v\u00a0jednej rovine \u010do zn\u00ed\u017ei celkov\u00e9 n\u00e1klady na v\u00fdstavbu domu. Valbov\u00e1 strecha m\u00f4\u017ee by\u0165\u00a0 postaven\u00e1 na r\u00f4znych tvaroch ,ktor\u00e9 je mo\u017eno zakresli\u0165 v\u00a0pl\u00e1noch.\u00a0 Ka\u017ed\u00fd trojuholn\u00edk respekt\u00edve valba je postaven\u00fd centr\u00e1lne nad stenou budovy. Rohy valby ktor\u00e9 st\u00fapaj\u00fa do \u0161picu a\u00a0zbiehaj\u00fa dokopy naz\u00fdvame hrebe\u0148.<\/p><p>V\u00a0modernej architekt\u00fare je valbov\u00e1 strecha vysoko d\u00f4le\u017eit\u00e1 v\u00a0tom ,\u017ee predstavuje komfort , praktickos\u0165 a\u00a0sol\u00eddnos\u0165. Je be\u017ene viden\u00e1 na strech\u00e1ch bungalov a\u00a0chatk\u00e1ch, ako aj na modern\u00fdch a\u00a0\u0161t\u00fdlov\u00fdch budov\u00e1ch. Vzh\u013eadom k\u00a0\u0161trukt\u00fare valbovej strechy nie je potrebn\u00e9 pou\u017ei\u0165 \u0161peci\u00e1lny oporn\u00fd syst\u00e9m ( zavetr\u00e1vanie ) , narozdiel od sedlovej strechy.<\/p><p>Mo\u017enou nev\u00fdhodou ktor\u00fa m\u00e1 valbov\u00e1 strecha v\u00a0porovnan\u00ed so sedlovou strechou na rovnakom pl\u00e1ne, je to ,\u017ee je tu men\u0161\u00ed priestor vo vn\u00fatri, teda pod strechou. Teda pr\u00edstup je ove\u013ea \u0165a\u017e\u0161\u00ed pre \u00fadr\u017ebu, t\u00fdm sa aj \u0165a\u017e\u0161ie vetr\u00e1.<\/p><p>V\u00fdhodou je ,\u017ee valbov\u00e1 strecha m\u00e1 v\u0161eobecne lep\u0161iu odolnos\u0165 v\u00a0extr\u00e9mnych vonkaj\u0161\u00edch podmienkach ako je siln\u00fd vietor, fujavice. Je to preto, \u017ee m\u00e1 menej ostr\u00e9 rohy a\u00a0strany strechy s\u00fa plytk\u00e9 , \u010d\u00edm maj\u00fa stabiln\u00fa \u0161trukt\u00fatu a\u00a0s\u00fa odolnej\u0161ie.<\/p>\t\t\t\t\t\t\t\t<\/div>\n\t\t\t\t\t<\/div>\n\t\t\t\t<\/div>\n\t\t\t\t<\/div>\n\t\t","protected":false},"excerpt":{"rendered":"<p>Valbov\u00e1 strecha Podobn\u00e1 sedlovej streche je strecha valbov\u00e1. L\u00ed\u0161i sa od nej t\u00fdm, \u017ee m\u00e1 na oboch koncoch miesto \u0161t\u00edtov roviny, teda valby. Pokia\u013e s\u00fa odkvapy t\u00fdchto rov\u00edn v\u00a0rovnakej v\u00fd\u0161ke ako odkvapy sedlovej strechy , je to strecha valbov\u00e1 , pokia\u013e s\u00fa vy\u0161\u0161ie , naz\u00fdva sa tak\u00e1to strecha podvalbov\u00e1. Podvalbov\u00e9 strechy s\u00fa be\u017ene na tzv. [&hellip;]<\/p>\n","protected":false},"author":1,"featured_media":0,"parent":0,"menu_order":0,"comment_status":"closed","ping_status":"closed","template":"","meta":{"footnotes":""},"class_list":["post-189","page","type-page","status-publish","hentry"],"_links":{"self":[{"href":"https:\/\/dobrestrechy.sk\/index.php\/wp-json\/wp\/v2\/pages\/189","targetHints":{"allow":["GET"]}}],"collection":[{"href":"https:\/\/dobrestrechy.sk\/index.php\/wp-json\/wp\/v2\/pages"}],"about":[{"href":"https:\/\/dobrestrechy.sk\/index.php\/wp-json\/wp\/v2\/types\/page"}],"author":[{"embeddable":true,"href":"https:\/\/dobrestrechy.sk\/index.php\/wp-json\/wp\/v2\/users\/1"}],"replies":[{"embeddable":true,"href":"https:\/\/dobrestrechy.sk\/index.php\/wp-json\/wp\/v2\/comments?post=189"}],"version-history":[{"count":4,"href":"https:\/\/dobrestrechy.sk\/index.php\/wp-json\/wp\/v2\/pages\/189\/revisions"}],"predecessor-version":[{"id":194,"href":"https:\/\/dobrestrechy.sk\/index.php\/wp-json\/wp\/v2\/pages\/189\/revisions\/194"}],"wp:attachment":[{"href":"https:\/\/dobrestrechy.sk\/index.php\/wp-json\/wp\/v2\/media?parent=189"}],"curies":[{"name":"wp","href":"https:\/\/api.w.org\/{rel}","templated":true}]}}