{"id":195,"date":"2026-03-03T16:56:58","date_gmt":"2026-03-03T15:56:58","guid":{"rendered":"https:\/\/dobrestrechy.sk\/new\/?page_id=195"},"modified":"2026-04-14T15:58:32","modified_gmt":"2026-04-14T14:58:32","slug":"manzardova-strecha","status":"publish","type":"page","link":"https:\/\/dobrestrechy.sk\/index.php\/manzardova-strecha\/","title":{"rendered":"Manzardov\u00e1 strecha"},"content":{"rendered":"\t\t<div data-elementor-type=\"wp-page\" data-elementor-id=\"195\" class=\"elementor elementor-195\" data-elementor-settings=\"{&quot;ha_cmc_init_switcher&quot;:&quot;no&quot;}\">\n\t\t\t\t<div class=\"elementor-element elementor-element-fbe7916 e-con-full e-flex e-con e-parent\" data-id=\"fbe7916\" data-element_type=\"container\" data-e-type=\"container\" data-settings=\"{&quot;background_background&quot;:&quot;classic&quot;,&quot;_ha_eqh_enable&quot;:false}\">\n\t\t\t\t<div class=\"elementor-element elementor-element-48799bd elementor-widget elementor-widget-spacer\" data-id=\"48799bd\" data-element_type=\"widget\" data-e-type=\"widget\" data-widget_type=\"spacer.default\">\n\t\t\t\t\t\t\t<div class=\"elementor-spacer\">\n\t\t\t<div class=\"elementor-spacer-inner\"><\/div>\n\t\t<\/div>\n\t\t\t\t\t\t<\/div>\n\t\t\t\t<\/div>\n\t\t<div class=\"elementor-element elementor-element-125719e e-flex e-con-boxed e-con e-parent\" data-id=\"125719e\" data-element_type=\"container\" data-e-type=\"container\" data-settings=\"{&quot;_ha_eqh_enable&quot;:false}\">\n\t\t\t\t\t<div class=\"e-con-inner\">\n\t\t\t\t<div class=\"elementor-element elementor-element-ec10590 elementor-widget elementor-widget-spacer\" data-id=\"ec10590\" data-element_type=\"widget\" data-e-type=\"widget\" data-widget_type=\"spacer.default\">\n\t\t\t\t\t\t\t<div class=\"elementor-spacer\">\n\t\t\t<div class=\"elementor-spacer-inner\"><\/div>\n\t\t<\/div>\n\t\t\t\t\t\t<\/div>\n\t\t\t\t<div class=\"elementor-element elementor-element-8b4a2a2 elementor-widget elementor-widget-page-title\" data-id=\"8b4a2a2\" data-element_type=\"widget\" data-e-type=\"widget\" data-widget_type=\"page-title.default\">\n\t\t\t\t<div class=\"elementor-widget-container\">\n\t\t\t\t\t\t\t\n\t\t<div class=\"hfe-page-title hfe-page-title-wrapper elementor-widget-heading\">\n\n\t\t\t\t\t\t\t\t\t\t\t<a href=\"https:\/\/dobrestrechy.sk\">\n\t\t\t\t\t\t<h2 class=\"elementor-heading-title elementor-size-default\">\n\t\t\t\t\t\t\t\t\n\t\t\t\tManzardov\u00e1 strecha  \n\t\t\t<\/h2 > \n\t\t\t\t\t\t\t\t\t<\/a>\n\t\t\t\t\t<\/div>\n\t\t\t\t\t\t<\/div>\n\t\t\t\t<\/div>\n\t\t\t\t<div class=\"elementor-element elementor-element-7076ddb elementor-widget elementor-widget-text-editor\" data-id=\"7076ddb\" data-element_type=\"widget\" data-e-type=\"widget\" data-widget_type=\"text-editor.default\">\n\t\t\t\t\t\t\t\t\t<p>Manzardov\u00e1 strecha je variant sedlovej strechy , ka\u017ed\u00e1 jej polovica medzi hrebe\u0148om a\u00a0odkvapom sa sklad\u00e1 s\u00a0dvoch stre\u0161n\u00fdch rov\u00edn odli\u0161n\u00e9ho sklonu. Vn\u00fatorn\u00fd priestor pod touto strechou sa naz\u00fdva manzarda ( obytn\u00e9 podkrovie ) , meno jej dal franc\u00fazsky architekt Francois Mansart.<\/p><p>Manzardov\u00e1 strecha sa jav\u00ed ako kon\u0161truk\u010dne trochu n\u00e1ro\u010dnej\u0161ia. Maxim\u00e1lne vyu\u017e\u00edva plochu p\u00f4dorysu drevostavby a\u00a0svojimi dispoz\u00edciami zv\u00e4\u010d\u0161uje obytn\u00fd priestor podkrovia. Jednou z\u00a0jej nev\u00fdhod je mohutn\u00fd vzh\u013ead.<\/p><p>V\u00a0praxi sa stret\u00e1vame aj s\u00a0pojmom tzv. neprav\u00e1 manzardov\u00e1 strecha, ktor\u00fa vytvor\u00edme tak, \u017ee sa rozhodneme posledn\u00e9 podstre\u0161n\u00e9 podla\u017eie oblo\u017ei\u0165 stre\u0161nou krytinou.<\/p><p>Pri manzardovej streche je horn\u00e9 podla\u017eie zvy\u010dajne realizovan\u00e9 so \u0161tandardnou v\u00fd\u0161kou stropu 2,5 a\u017e 3,5 m,\u00a0 ktor\u00e9 obyvate\u013eov neobmedzuje pri pohybe v\u00a0miestnosti. Pochopite\u013ene toto plat\u00ed, ak maj\u00fa miestnosti spr\u00e1vny kvadratick\u00fd alebo pravouhl\u00fd tvar. V\u00a0takom pr\u00edpade je rie\u0161enie ot\u00e1zky interi\u00e9ru jednoduch\u0161ie a\u00a0s\u00a0v\u00e4\u010d\u0161ou mo\u017enos\u0165ou uplatnenia fant\u00e1zie a\u00a0alternat\u00edv. Pri porovnan\u00ed n\u00e1kladov klasick\u00e9ho a\u00a0manzardov\u00e9ho poschodia V\u00e1s klasick\u00fd typ vyjde drah\u0161ie. Je to dan\u00e9 t\u00fdm, \u017ee predov\u0161etk\u00fdm je potrebn\u00e9 vybudova\u0165 nosn\u00e9 m\u00fary a\u00a0realizova\u0165 prekrytie manzardovej podkrovnej miestnosti. Najvhodnej\u0161\u00ed sklon , ktor\u00fd m\u00f4\u017ee ma\u0165 manzardov\u00e1 strecha , pod ktorou chcete b\u00fdva\u0165 je 35\u00b0 \u2013 55\u00b0.<\/p><p>Pre t\u00fdch, ktor\u00ed uprednost\u0148uj\u00fa vo\u013en\u00fd priestor a\u00a0prirodzen\u00e9 osvetlenie , bude vhodnej\u0161ie sa zamera\u0165 na klasick\u00fd variant podla\u017eia s\u00a0manzardovou strechou.\u00a0 Kon\u0161trukcia stavby je pomerne zlo\u017eit\u00e1 , nako\u013eko steny a\u00a0strecha tvoria jeden celok. \u00a0N\u00e1kladov\u00e1 str\u00e1nka je spojen\u00e1 s\u00a0nutnos\u0165ou in\u0161tal\u00e1cie manzardov\u00fdch okien \u2013 svetl\u00edkov, ne\u0161tandardn\u00e9ho dizajnu, vr\u00e1tane nutnosti vykurovania nebytov\u00fdch priestorov v\u00a0podkrov\u00ed.<\/p><p>Zobytnenie podkrovia b\u00fdva najefekt\u00edvnej\u0161ou cestou ako roz\u0161\u00edri\u0165 \u010di z\u00edska\u0165 nov\u00e9 obytn\u00e9 miestnosti. Hoci netreba stava\u0165 z\u00e1klady, ani nosn\u00e9 steny, premeni\u0165 priestor pod strechou na b\u00fdvanie nie je jednoduch\u00e1 z\u00e1le\u017eitos\u0165. Preto je na toto rie\u0161enie najvhodnej\u0161ie manzardov\u00e1 strecha.<\/p><p>\u017divot pod \u0161ikm\u00fdmi stenami je romantick\u00fd , ale mus\u00ed by\u0165 aj pohodln\u00fd a\u00a0pr\u00edjemn\u00fd , \u010do plat\u00ed v\u00a0pr\u00edpade pou\u017eitia pr\u00e1ve manzardovej strechy.<\/p>\t\t\t\t\t\t\t\t<\/div>\n\t\t\t\t\t<\/div>\n\t\t\t\t<\/div>\n\t\t\t\t<\/div>\n\t\t","protected":false},"excerpt":{"rendered":"<p>Manzardov\u00e1 strecha Manzardov\u00e1 strecha je variant sedlovej strechy , ka\u017ed\u00e1 jej polovica medzi hrebe\u0148om a\u00a0odkvapom sa sklad\u00e1 s\u00a0dvoch stre\u0161n\u00fdch rov\u00edn odli\u0161n\u00e9ho sklonu. Vn\u00fatorn\u00fd priestor pod touto strechou sa naz\u00fdva manzarda ( obytn\u00e9 podkrovie ) , meno jej dal franc\u00fazsky architekt Francois Mansart. Manzardov\u00e1 strecha sa jav\u00ed ako kon\u0161truk\u010dne trochu n\u00e1ro\u010dnej\u0161ia. Maxim\u00e1lne vyu\u017e\u00edva plochu p\u00f4dorysu drevostavby [&hellip;]<\/p>\n","protected":false},"author":1,"featured_media":0,"parent":0,"menu_order":0,"comment_status":"closed","ping_status":"closed","template":"","meta":{"footnotes":""},"class_list":["post-195","page","type-page","status-publish","hentry"],"_links":{"self":[{"href":"https:\/\/dobrestrechy.sk\/index.php\/wp-json\/wp\/v2\/pages\/195","targetHints":{"allow":["GET"]}}],"collection":[{"href":"https:\/\/dobrestrechy.sk\/index.php\/wp-json\/wp\/v2\/pages"}],"about":[{"href":"https:\/\/dobrestrechy.sk\/index.php\/wp-json\/wp\/v2\/types\/page"}],"author":[{"embeddable":true,"href":"https:\/\/dobrestrechy.sk\/index.php\/wp-json\/wp\/v2\/users\/1"}],"replies":[{"embeddable":true,"href":"https:\/\/dobrestrechy.sk\/index.php\/wp-json\/wp\/v2\/comments?post=195"}],"version-history":[{"count":4,"href":"https:\/\/dobrestrechy.sk\/index.php\/wp-json\/wp\/v2\/pages\/195\/revisions"}],"predecessor-version":[{"id":200,"href":"https:\/\/dobrestrechy.sk\/index.php\/wp-json\/wp\/v2\/pages\/195\/revisions\/200"}],"wp:attachment":[{"href":"https:\/\/dobrestrechy.sk\/index.php\/wp-json\/wp\/v2\/media?parent=195"}],"curies":[{"name":"wp","href":"https:\/\/api.w.org\/{rel}","templated":true}]}}