{"id":211,"date":"2026-03-03T17:12:12","date_gmt":"2026-03-03T16:12:12","guid":{"rendered":"https:\/\/dobrestrechy.sk\/new\/?page_id=211"},"modified":"2026-04-14T15:58:32","modified_gmt":"2026-04-14T14:58:32","slug":"haly","status":"publish","type":"page","link":"https:\/\/dobrestrechy.sk\/index.php\/haly\/","title":{"rendered":"Haly"},"content":{"rendered":"\t\t<div data-elementor-type=\"wp-page\" data-elementor-id=\"211\" class=\"elementor elementor-211\" data-elementor-settings=\"{&quot;ha_cmc_init_switcher&quot;:&quot;no&quot;}\">\n\t\t\t\t<div class=\"elementor-element elementor-element-fbe7916 e-con-full e-flex e-con e-parent\" data-id=\"fbe7916\" data-element_type=\"container\" data-e-type=\"container\" data-settings=\"{&quot;background_background&quot;:&quot;classic&quot;,&quot;_ha_eqh_enable&quot;:false}\">\n\t\t\t\t<div class=\"elementor-element elementor-element-48799bd elementor-widget elementor-widget-spacer\" data-id=\"48799bd\" data-element_type=\"widget\" data-e-type=\"widget\" data-widget_type=\"spacer.default\">\n\t\t\t\t\t\t\t<div class=\"elementor-spacer\">\n\t\t\t<div class=\"elementor-spacer-inner\"><\/div>\n\t\t<\/div>\n\t\t\t\t\t\t<\/div>\n\t\t\t\t<\/div>\n\t\t<div class=\"elementor-element elementor-element-125719e e-flex e-con-boxed e-con e-parent\" data-id=\"125719e\" data-element_type=\"container\" data-e-type=\"container\" data-settings=\"{&quot;_ha_eqh_enable&quot;:false}\">\n\t\t\t\t\t<div class=\"e-con-inner\">\n\t\t\t\t<div class=\"elementor-element elementor-element-ec10590 elementor-widget elementor-widget-spacer\" data-id=\"ec10590\" data-element_type=\"widget\" data-e-type=\"widget\" data-widget_type=\"spacer.default\">\n\t\t\t\t\t\t\t<div class=\"elementor-spacer\">\n\t\t\t<div class=\"elementor-spacer-inner\"><\/div>\n\t\t<\/div>\n\t\t\t\t\t\t<\/div>\n\t\t\t\t<div class=\"elementor-element elementor-element-8b4a2a2 elementor-widget elementor-widget-page-title\" data-id=\"8b4a2a2\" data-element_type=\"widget\" data-e-type=\"widget\" data-widget_type=\"page-title.default\">\n\t\t\t\t<div class=\"elementor-widget-container\">\n\t\t\t\t\t\t\t\n\t\t<div class=\"hfe-page-title hfe-page-title-wrapper elementor-widget-heading\">\n\n\t\t\t\t\t\t\t\t\t\t\t<a href=\"https:\/\/dobrestrechy.sk\">\n\t\t\t\t\t\t<h2 class=\"elementor-heading-title elementor-size-default\">\n\t\t\t\t\t\t\t\t\n\t\t\t\tHaly  \n\t\t\t<\/h2 > \n\t\t\t\t\t\t\t\t\t<\/a>\n\t\t\t\t\t<\/div>\n\t\t\t\t\t\t<\/div>\n\t\t\t\t<\/div>\n\t\t\t\t<div class=\"elementor-element elementor-element-7076ddb elementor-widget elementor-widget-text-editor\" data-id=\"7076ddb\" data-element_type=\"widget\" data-e-type=\"widget\" data-widget_type=\"text-editor.default\">\n\t\t\t\t\t\t\t\t\t<p>V\u00a0s\u00fa\u010dasnosti je d\u00f4le\u017eit\u00e9 zni\u017eova\u0165 energetick\u00fa n\u00e1ro\u010dnos\u0165 v\u00fdrobn\u00fdch a\u00a0skladovac\u00edch priestorov. Prestavuj\u00fa toti\u017e nielen pracovn\u00e9 prostredie pre zamestnancov , ale aj miesto na skladovanie produktov, ktor\u00e9 si maj\u00fa zachova\u0165 svoje vlastnosti.<\/p><p>Na\u0161a firma V\u00e1m poskytuje dve dostupn\u00e9 varianty opl\u00e1\u0161tenia :<\/p><p>\u2013\u00a0\u00a0\u00a0\u00a0\u00a0\u00a0\u00a0\u00a0\u00a0 Izolovan\u00fd variant haly<\/p><p>\u2013\u00a0\u00a0\u00a0\u00a0\u00a0\u00a0\u00a0\u00a0\u00a0 Neizolovan\u00fd variant haly<\/p><h3 class=\"fusion-responsive-typography-calculated\" data-fontsize=\"16\" data-lineheight=\"24px\">Izolovan\u00e9 haly<\/h3><p>Aby si produkty zachovali po\u017eadovan\u00fd stav, vy\u017eaduje si to dodr\u017eanie \u0161pecifick\u00fdch podmienok okolit\u00e9ho prostredia \u2013 spr\u00e1vnu teplotu, vlhkos\u0165 a\u00a0kvalitu ovzdu\u0161ia. Na tak\u00e9to aplik\u00e1cie je ur\u010den\u00fd \u0161peci\u00e1lny syst\u00e9m kazetovej steny, ktor\u00fd okrem tepelnotechnick\u00fdch vlastnost\u00ed sp\u013a\u0148a aj po\u017eiadavky na po\u017eiarnu ochranu a\u00a0zvukov\u00fa izol\u00e1ciu stavebn\u00e9ho objektu.<\/p><p>Ide o\u00a0syst\u00e9m kazetovej steny, ktor\u00fd je vhodn\u00fd do priemyseln\u00fdch budov, v\u00fdrobn\u00fdch h\u00e1l a\u00a0skladovac\u00edch priestorov. Staticky sa navrhuje podobne ako \u0161tandardn\u00e1 kazetov\u00e1 stena , pri n\u00e1vrhu je v\u0161ak potrebn\u00e9 zoh\u013eadni\u0165 redukciu \u00fanosnosti kazetov\u00fdch profilov v\u00a0tlaku vzh\u013eadom na pou\u017eitie di\u0161tan\u010dn\u00fdch skrutiek na kotvenie vonkaj\u0161ieho pl\u00e1\u0161\u0165a. Samotn\u00e1 tia\u017e vonkaj\u0161ieho pl\u00e1\u0161\u0165a sa mus\u00ed prenies\u0165 prostredn\u00edctvom soklovej v\u00fdstuhy.<\/p><p>Stenov\u00fd syst\u00e9m je tvoren\u00fd trap\u00e9zov\u00fdm plechom a\u00a0podporami ( profily ) , \u010falej paropriepustnou f\u00f3liou, izol\u00e1ciou a\u00a0\u010fal\u0161\u00edm trap\u00e9zov\u00fdm plechom. Obidva trap\u00e9zov\u00e9 plechy s\u00fa opatren\u00e9 polyesterov\u00fdm n\u00e1terom vo farebnom preveden\u00ed pod\u013ea po\u017eiadaviek z\u00e1kazn\u00edka. Plechy s\u00fa \u0161peci\u00e1lne navrhnut\u00e9 na pou\u017e\u00edvanie tak na vonkaj\u0161ie ako aj na vn\u00fatorn\u00e9 opl\u00e1\u0161tenie. Plechy s\u00fa kotven\u00e9 do podp\u00f4r pomocou lakovan\u00fdch samorezn\u00fdch skrutiek \u00a0s\u00a0podlo\u017ekami. Plechy na haly sa dod\u00e1vaj\u00fa u\u017e vopred narezan\u00e9 aj s\u00a0vyrazen\u00fdmi otvormi pre \u013eahk\u00fa a\u00a0presn\u00fa mont\u00e1\u017e.<\/p><p>Pou\u017e\u00edvan\u00e1 izol\u00e1cia je z\u00a0miner\u00e1lnych vl\u00e1kien a\u00a0je chr\u00e1nen\u00e1 proti prestupu vn\u00fatornej vlhkosti na vn\u00fatornej strane parotesnou f\u00f3liou. Obvykle pou\u017e\u00edvan\u00e1 hr\u00fabka tepelnej izol\u00e1cie je 150 mm.<\/p><h3 class=\"fusion-responsive-typography-calculated\" data-fontsize=\"16\" data-lineheight=\"24px\">Neizolovan\u00e9 haly<\/h3><p>Stre\u0161n\u00fd syst\u00e9m neizolovanej haly sa sklad\u00e1 z\u00a0trap\u00e9zov\u00e9ho plechu a\u00a0v\u00e4zn\u00edc. Trap\u00e9zov\u00fd plech m\u00e1 polyesterov\u00fd n\u00e1ter v\u00a0r\u00f4znom farebnom preveden\u00ed. Je \u0161peci\u00e1lne navrhnut\u00fd a\u00a0pou\u017e\u00edva sa pre jeho dobr\u00fa \u00fanosnos\u0165 a\u00a0jednoduch\u00fa mont\u00e1\u017e.<\/p><p>Stenov\u00fd syst\u00e9m neizolovanej haly je tvoren\u00fd trap\u00e9zov\u00fdm plechom s\u00a0podporami. M\u00e1 takisto polyesterov\u00fd n\u00e1ter ako stre\u0161n\u00fd syst\u00e9m.<\/p><p>Oba syst\u00e9my s\u00fa kotven\u00e9 pomocou lakovan\u00fdch samorezn\u00fdch skrutiek v\u00a0r\u00f4znych farb\u00e1ch s\u00a0podlo\u017ekami.<\/p><p>Tak strecha, ako aj steny m\u00f4\u017eu by\u0165 v\u00a0pr\u00edpade neizolovanej haly kedyko\u013evek nesk\u00f4r zmenen\u00e9 na izolovan\u00fd variant.<\/p>\t\t\t\t\t\t\t\t<\/div>\n\t\t\t\t\t<\/div>\n\t\t\t\t<\/div>\n\t\t\t\t<\/div>\n\t\t","protected":false},"excerpt":{"rendered":"<p>Haly V\u00a0s\u00fa\u010dasnosti je d\u00f4le\u017eit\u00e9 zni\u017eova\u0165 energetick\u00fa n\u00e1ro\u010dnos\u0165 v\u00fdrobn\u00fdch a\u00a0skladovac\u00edch priestorov. Prestavuj\u00fa toti\u017e nielen pracovn\u00e9 prostredie pre zamestnancov , ale aj miesto na skladovanie produktov, ktor\u00e9 si maj\u00fa zachova\u0165 svoje vlastnosti. Na\u0161a firma V\u00e1m poskytuje dve dostupn\u00e9 varianty opl\u00e1\u0161tenia : \u2013\u00a0\u00a0\u00a0\u00a0\u00a0\u00a0\u00a0\u00a0\u00a0 Izolovan\u00fd variant haly \u2013\u00a0\u00a0\u00a0\u00a0\u00a0\u00a0\u00a0\u00a0\u00a0 Neizolovan\u00fd variant haly Izolovan\u00e9 haly Aby si produkty zachovali po\u017eadovan\u00fd stav, [&hellip;]<\/p>\n","protected":false},"author":1,"featured_media":0,"parent":0,"menu_order":0,"comment_status":"closed","ping_status":"closed","template":"","meta":{"footnotes":""},"class_list":["post-211","page","type-page","status-publish","hentry"],"_links":{"self":[{"href":"https:\/\/dobrestrechy.sk\/index.php\/wp-json\/wp\/v2\/pages\/211","targetHints":{"allow":["GET"]}}],"collection":[{"href":"https:\/\/dobrestrechy.sk\/index.php\/wp-json\/wp\/v2\/pages"}],"about":[{"href":"https:\/\/dobrestrechy.sk\/index.php\/wp-json\/wp\/v2\/types\/page"}],"author":[{"embeddable":true,"href":"https:\/\/dobrestrechy.sk\/index.php\/wp-json\/wp\/v2\/users\/1"}],"replies":[{"embeddable":true,"href":"https:\/\/dobrestrechy.sk\/index.php\/wp-json\/wp\/v2\/comments?post=211"}],"version-history":[{"count":4,"href":"https:\/\/dobrestrechy.sk\/index.php\/wp-json\/wp\/v2\/pages\/211\/revisions"}],"predecessor-version":[{"id":216,"href":"https:\/\/dobrestrechy.sk\/index.php\/wp-json\/wp\/v2\/pages\/211\/revisions\/216"}],"wp:attachment":[{"href":"https:\/\/dobrestrechy.sk\/index.php\/wp-json\/wp\/v2\/media?parent=211"}],"curies":[{"name":"wp","href":"https:\/\/api.w.org\/{rel}","templated":true}]}}