{"id":217,"date":"2026-03-03T17:14:13","date_gmt":"2026-03-03T16:14:13","guid":{"rendered":"https:\/\/dobrestrechy.sk\/new\/?page_id=217"},"modified":"2026-04-14T15:58:32","modified_gmt":"2026-04-14T14:58:32","slug":"pristresky","status":"publish","type":"page","link":"https:\/\/dobrestrechy.sk\/index.php\/pristresky\/","title":{"rendered":"Pr\u00edstre\u0161ky"},"content":{"rendered":"\t\t<div data-elementor-type=\"wp-page\" data-elementor-id=\"217\" class=\"elementor elementor-217\" data-elementor-settings=\"{&quot;ha_cmc_init_switcher&quot;:&quot;no&quot;}\">\n\t\t\t\t<div class=\"elementor-element elementor-element-fbe7916 e-con-full e-flex e-con e-parent\" data-id=\"fbe7916\" data-element_type=\"container\" data-e-type=\"container\" data-settings=\"{&quot;background_background&quot;:&quot;classic&quot;,&quot;_ha_eqh_enable&quot;:false}\">\n\t\t\t\t<div class=\"elementor-element elementor-element-48799bd elementor-widget elementor-widget-spacer\" data-id=\"48799bd\" data-element_type=\"widget\" data-e-type=\"widget\" data-widget_type=\"spacer.default\">\n\t\t\t\t\t\t\t<div class=\"elementor-spacer\">\n\t\t\t<div class=\"elementor-spacer-inner\"><\/div>\n\t\t<\/div>\n\t\t\t\t\t\t<\/div>\n\t\t\t\t<\/div>\n\t\t<div class=\"elementor-element elementor-element-125719e e-flex e-con-boxed e-con e-parent\" data-id=\"125719e\" data-element_type=\"container\" data-e-type=\"container\" data-settings=\"{&quot;_ha_eqh_enable&quot;:false}\">\n\t\t\t\t\t<div class=\"e-con-inner\">\n\t\t\t\t<div class=\"elementor-element elementor-element-ec10590 elementor-widget elementor-widget-spacer\" data-id=\"ec10590\" data-element_type=\"widget\" data-e-type=\"widget\" data-widget_type=\"spacer.default\">\n\t\t\t\t\t\t\t<div class=\"elementor-spacer\">\n\t\t\t<div class=\"elementor-spacer-inner\"><\/div>\n\t\t<\/div>\n\t\t\t\t\t\t<\/div>\n\t\t\t\t<div class=\"elementor-element elementor-element-8b4a2a2 elementor-widget elementor-widget-page-title\" data-id=\"8b4a2a2\" data-element_type=\"widget\" data-e-type=\"widget\" data-widget_type=\"page-title.default\">\n\t\t\t\t<div class=\"elementor-widget-container\">\n\t\t\t\t\t\t\t\n\t\t<div class=\"hfe-page-title hfe-page-title-wrapper elementor-widget-heading\">\n\n\t\t\t\t\t\t\t\t\t\t\t<a href=\"https:\/\/dobrestrechy.sk\">\n\t\t\t\t\t\t<h2 class=\"elementor-heading-title elementor-size-default\">\n\t\t\t\t\t\t\t\t\n\t\t\t\tPr\u00edstre\u0161ky  \n\t\t\t<\/h2 > \n\t\t\t\t\t\t\t\t\t<\/a>\n\t\t\t\t\t<\/div>\n\t\t\t\t\t\t<\/div>\n\t\t\t\t<\/div>\n\t\t\t\t<div class=\"elementor-element elementor-element-7076ddb elementor-widget elementor-widget-text-editor\" data-id=\"7076ddb\" data-element_type=\"widget\" data-e-type=\"widget\" data-widget_type=\"text-editor.default\">\n\t\t\t\t\t\t\t\t\t<p>V\u00a0s\u00fa\u010dasnosti prebiehaj\u00fa ve\u013ek\u00e9 rekon\u0161trukcie bytov\u00fdch domov, rodinn\u00fdch domov, \u0161k\u00f4l a\u00a0r\u00f4znych in\u00fdch objektov, na ktor\u00fdch s\u00fa pr\u00e1ve navrhovan\u00e9 pr\u00edstre\u0161ky.<\/p><p>Na\u0161a spolo\u010dnos\u0165 pon\u00faka n\u00e1vrh, dod\u00e1vku a\u00a0mont\u00e1\u017e transparentn\u00fdch prestre\u0161ovac\u00edch a\u00a0stenov\u00fdch kon\u0161trukci\u00ed. Bohat\u00e1 ponuka materi\u00e1lu a\u00a0v\u00fdrobkov zah\u0155\u0148a v\u00a0sebe to, \u017ee dok\u00e1\u017eeme uspokoji\u0165 ak\u00e9ko\u013evek po\u017eiadavky objedn\u00e1vate\u013eov.\u00a0 Pou\u017e\u00edvame kvalitn\u00e9 materi\u00e1ly z\u00a0polykarbon\u00e1tu, akryl\u00e1tu a\u00a0sklolamin\u00e1tu. R\u00e1mov\u00e9 kon\u0161trukcie s\u00fa z\u00a0povrchovo upraven\u00fdch oce\u013eov\u00fdch , hlin\u00edkov\u00fdch a\u00a0nerezov\u00fdch profilov.<\/p><p>Naj\u010dastej\u0161ie pou\u017e\u00edvan\u00e9 pr\u00edstre\u0161ky s\u00fa z\u00a0polykarbon\u00e1tu ( Lexan ) . Vlastnosti lexanu , alebo tie\u017e polykarbon\u00e1tu mu zaru\u010duj\u00fa \u010doraz \u010dastej\u0161ie vyu\u017eitie , najm\u00e4 v\u00a0oblasti \u00fa\u010delov\u00e9ho zastre\u0161enia v\u00a0podobe pr\u00edstre\u0161ku.<\/p><p>Jedn\u00e1 sa o\u00a0dosky zlo\u017een\u00e9 z\u00a0tenkostenn\u00fdch vrstiev, ktor\u00e9 maj\u00fa medzi sebou vzduchov\u00e9 komory, \u010do mu zaru\u010duje vynikaj\u00face tepelnoizola\u010dn\u00e9 vlastnosti a\u00a0vysok\u00fa pevnos\u0165, pri zachovan\u00ed prieh\u013eadnosti.\u00a0 Polykarbon\u00e1t sa vyr\u00e1ba v\u00a0troch prevedeniach v\u00a0priesvitnej, bronzovej a\u00a0mlie\u010dnej farbe.<\/p><p>Pr\u00edstre\u0161ky z\u00a0lexanu maj\u00fa vysok\u00fa odolnos\u0165 vo\u010di n\u00e1razom, n\u00edzku hmotnos\u0165, dosky sa daj\u00fa oh\u00fdba\u0165 za studena a\u00a0ve\u013emi dobre prep\u00fa\u0161\u0165a svetlo.\u00a0 Pr\u00e1cu s\u00a0n\u00edm u\u013eah\u010duje jednoduch\u00e1 opracovate\u013enos\u0165 , \u010di u\u017e ide o\u00a0v\u0155tanie, alebo o\u00a0delenie v\u00e4\u010d\u0161\u00edch dosiek. UV vrstva zabezpe\u010duje ochranu pred slne\u010dn\u00fdm \u017eiaren\u00edm. Polykarbon\u00e1tov\u00e9 dosky sa vyzna\u010duj\u00fa vysokou odolnos\u0165ou pred nepriazniv\u00fdmi poveternostn\u00fdmi vplyvmi.<\/p><p>Pr\u00edstre\u0161ky , ktor\u00e9 V\u00e1m pon\u00fakame maj\u00fa r\u00f4zne varianty , ktor\u00e9 s\u00fa v\u010faka svojej kompatibilnosti vhodn\u00e9 na zastre\u0161enie takmer \u010dohoko\u013evek \u010do V\u00e1s napadne. Jedn\u00e1 sa o\u00a0odoln\u00e9 a\u00a0modern\u00e9 rie\u0161enie pr\u00edstre\u0161ku napr\u00edklad vonkaj\u0161\u00edch vchodov\u00fdch dver\u00ed, n\u00e1stup\u00ed\u0161\u0165 , balk\u00f3nov, v\u00fdkladov obchodov, kontajnerov , \u00e1ut a\u00a0podobne.<\/p><p>\u010co sa t\u00fdka kon\u0161trukci\u00ed , ktor\u00e9 podopieraj\u00fa pr\u00edstre\u0161ky m\u00e1me v\u00a0ponuke 3 druhy kon\u0161trukci\u00ed :<\/p><p>\u2013\u00a0\u00a0\u00a0\u00a0\u00a0\u00a0\u00a0\u00a0\u00a0 Oce\u013eov\u00e9 ( \u017eelezn\u00e9 ) \u2013 s\u00fa najlacnej\u0161ie a\u00a0najpopul\u00e1rnej\u0161ie, m\u00f4\u017eu by\u0165 povrchovo upravovan\u00e9 v\u00a0mnoh\u00fdch farebn\u00fdch odtie\u0148och<\/p><p>\u2013\u00a0\u00a0\u00a0\u00a0\u00a0\u00a0\u00a0\u00a0\u00a0 Hlin\u00edkov\u00e9 \u2013 vyzna\u010duj\u00fa sa najm\u00e4 n\u00edzkou hmotnos\u0165ou a\u00a0rovnako m\u00f4\u017eu by\u0165 upravovan\u00e9 farebne<\/p><p>\u2013\u00a0\u00a0\u00a0\u00a0\u00a0\u00a0\u00a0\u00a0\u00a0 Nerezov\u00e9 \u2013 maj\u00fa takmer neobmedzen\u00fa \u017eivotnos\u0165 a\u00a0vyzna\u010duj\u00fa sa vysokou mechanickou odolnos\u0165ou<\/p><p>Pr\u00edstre\u0161ky z\u00a0lexanu nepon\u00fakaj\u00fa len ochranu pred zl\u00fdm po\u010das\u00edm , ale aj vkusne dekoruj\u00fa vstupn\u00e9 priestory, preto budeme radi ak oslov\u00edte na\u0161u firmu Dobr\u00e9 Strechy .<\/p>\t\t\t\t\t\t\t\t<\/div>\n\t\t\t\t\t<\/div>\n\t\t\t\t<\/div>\n\t\t\t\t<\/div>\n\t\t","protected":false},"excerpt":{"rendered":"<p>Pr\u00edstre\u0161ky V\u00a0s\u00fa\u010dasnosti prebiehaj\u00fa ve\u013ek\u00e9 rekon\u0161trukcie bytov\u00fdch domov, rodinn\u00fdch domov, \u0161k\u00f4l a\u00a0r\u00f4znych in\u00fdch objektov, na ktor\u00fdch s\u00fa pr\u00e1ve navrhovan\u00e9 pr\u00edstre\u0161ky. Na\u0161a spolo\u010dnos\u0165 pon\u00faka n\u00e1vrh, dod\u00e1vku a\u00a0mont\u00e1\u017e transparentn\u00fdch prestre\u0161ovac\u00edch a\u00a0stenov\u00fdch kon\u0161trukci\u00ed. Bohat\u00e1 ponuka materi\u00e1lu a\u00a0v\u00fdrobkov zah\u0155\u0148a v\u00a0sebe to, \u017ee dok\u00e1\u017eeme uspokoji\u0165 ak\u00e9ko\u013evek po\u017eiadavky objedn\u00e1vate\u013eov.\u00a0 Pou\u017e\u00edvame kvalitn\u00e9 materi\u00e1ly z\u00a0polykarbon\u00e1tu, akryl\u00e1tu a\u00a0sklolamin\u00e1tu. R\u00e1mov\u00e9 kon\u0161trukcie s\u00fa z\u00a0povrchovo upraven\u00fdch oce\u013eov\u00fdch , [&hellip;]<\/p>\n","protected":false},"author":1,"featured_media":0,"parent":0,"menu_order":0,"comment_status":"closed","ping_status":"closed","template":"","meta":{"footnotes":""},"class_list":["post-217","page","type-page","status-publish","hentry"],"_links":{"self":[{"href":"https:\/\/dobrestrechy.sk\/index.php\/wp-json\/wp\/v2\/pages\/217","targetHints":{"allow":["GET"]}}],"collection":[{"href":"https:\/\/dobrestrechy.sk\/index.php\/wp-json\/wp\/v2\/pages"}],"about":[{"href":"https:\/\/dobrestrechy.sk\/index.php\/wp-json\/wp\/v2\/types\/page"}],"author":[{"embeddable":true,"href":"https:\/\/dobrestrechy.sk\/index.php\/wp-json\/wp\/v2\/users\/1"}],"replies":[{"embeddable":true,"href":"https:\/\/dobrestrechy.sk\/index.php\/wp-json\/wp\/v2\/comments?post=217"}],"version-history":[{"count":4,"href":"https:\/\/dobrestrechy.sk\/index.php\/wp-json\/wp\/v2\/pages\/217\/revisions"}],"predecessor-version":[{"id":222,"href":"https:\/\/dobrestrechy.sk\/index.php\/wp-json\/wp\/v2\/pages\/217\/revisions\/222"}],"wp:attachment":[{"href":"https:\/\/dobrestrechy.sk\/index.php\/wp-json\/wp\/v2\/media?parent=217"}],"curies":[{"name":"wp","href":"https:\/\/api.w.org\/{rel}","templated":true}]}}