{"id":223,"date":"2026-03-03T17:15:33","date_gmt":"2026-03-03T16:15:33","guid":{"rendered":"https:\/\/dobrestrechy.sk\/new\/?page_id=223"},"modified":"2026-04-14T15:58:32","modified_gmt":"2026-04-14T14:58:32","slug":"nater-strechy","status":"publish","type":"page","link":"https:\/\/dobrestrechy.sk\/index.php\/nater-strechy\/","title":{"rendered":"N\u00e1ter strechy"},"content":{"rendered":"\t\t<div data-elementor-type=\"wp-page\" data-elementor-id=\"223\" class=\"elementor elementor-223\" data-elementor-settings=\"{&quot;ha_cmc_init_switcher&quot;:&quot;no&quot;}\">\n\t\t\t\t<div class=\"elementor-element elementor-element-fbe7916 e-con-full e-flex e-con e-parent\" data-id=\"fbe7916\" data-element_type=\"container\" data-e-type=\"container\" data-settings=\"{&quot;background_background&quot;:&quot;classic&quot;,&quot;_ha_eqh_enable&quot;:false}\">\n\t\t\t\t<div class=\"elementor-element elementor-element-48799bd elementor-widget elementor-widget-spacer\" data-id=\"48799bd\" data-element_type=\"widget\" data-e-type=\"widget\" data-widget_type=\"spacer.default\">\n\t\t\t\t\t\t\t<div class=\"elementor-spacer\">\n\t\t\t<div class=\"elementor-spacer-inner\"><\/div>\n\t\t<\/div>\n\t\t\t\t\t\t<\/div>\n\t\t\t\t<\/div>\n\t\t<div class=\"elementor-element elementor-element-125719e e-flex e-con-boxed e-con e-parent\" data-id=\"125719e\" data-element_type=\"container\" data-e-type=\"container\" data-settings=\"{&quot;_ha_eqh_enable&quot;:false}\">\n\t\t\t\t\t<div class=\"e-con-inner\">\n\t\t\t\t<div class=\"elementor-element elementor-element-ec10590 elementor-widget elementor-widget-spacer\" data-id=\"ec10590\" data-element_type=\"widget\" data-e-type=\"widget\" data-widget_type=\"spacer.default\">\n\t\t\t\t\t\t\t<div class=\"elementor-spacer\">\n\t\t\t<div class=\"elementor-spacer-inner\"><\/div>\n\t\t<\/div>\n\t\t\t\t\t\t<\/div>\n\t\t\t\t<div class=\"elementor-element elementor-element-8b4a2a2 elementor-widget elementor-widget-page-title\" data-id=\"8b4a2a2\" data-element_type=\"widget\" data-e-type=\"widget\" data-widget_type=\"page-title.default\">\n\t\t\t\t<div class=\"elementor-widget-container\">\n\t\t\t\t\t\t\t\n\t\t<div class=\"hfe-page-title hfe-page-title-wrapper elementor-widget-heading\">\n\n\t\t\t\t\t\t\t\t\t\t\t<a href=\"https:\/\/dobrestrechy.sk\">\n\t\t\t\t\t\t<h2 class=\"elementor-heading-title elementor-size-default\">\n\t\t\t\t\t\t\t\t\n\t\t\t\tN\u00e1ter strechy  \n\t\t\t<\/h2 > \n\t\t\t\t\t\t\t\t\t<\/a>\n\t\t\t\t\t<\/div>\n\t\t\t\t\t\t<\/div>\n\t\t\t\t<\/div>\n\t\t\t\t<div class=\"elementor-element elementor-element-7076ddb elementor-widget elementor-widget-text-editor\" data-id=\"7076ddb\" data-element_type=\"widget\" data-e-type=\"widget\" data-widget_type=\"text-editor.default\">\n\t\t\t\t\t\t\t\t\t<p>Odlupuj\u00faca sa farba, hrdzav\u00e9 mapy a\u00a0hnedast\u00e9 naplaveniny pod miestami, kde d\u00e1\u017e\u010f a sneh naru\u0161ili ochrann\u00e9 vrstvy plechu. Toto v\u0161etko V\u00e1m oznamuje ,\u017ee je \u010das na nov\u00fd n\u00e1ter strechy. Ak sa o\u00a0svoju strechu postar\u00e1te v\u010das, mo\u017eno v\u00e1s pre\u017eije. Star\u00e1 plechov\u00e1 strecha , ak sa o\u00a0\u0148u dobre star\u00e1te vydr\u017e\u00ed viac , ako t\u00e1 dne\u0161n\u00e1.<\/p><p>Pre dobr\u00fd a\u00a0\u00fa\u010dinn\u00fd n\u00e1ter strechy je najd\u00f4le\u017eitej\u0161ia pr\u00edprava podkladu. \u010c\u00edm pevnej\u0161ie pri\u013ene nov\u00fd n\u00e1ter strechy k\u00a0podkladu, t\u00fdm bude trv\u00e1cnej\u0161\u00ed. Aj t\u00e1 najlep\u0161ia farba sa V\u00e1m ol\u00fape, ak sa od plechu za\u010dn\u00fa odde\u013eova\u0165 star\u00e9 n\u00e1tery, alebo hrdza. Aj ke\u010f ide o\u00a0\u010dasovo n\u00e1ro\u010dn\u00fa pr\u00e1cu, netreba ju podceni\u0165.<\/p><p>Na za\u010diatku je potrebn\u00e9 z\u00a0povrchu odstr\u00e1ni\u0165 v\u0161etky nes\u00fadr\u017en\u00e9 \u010dasti. K\u00fdm odstra\u0148ovanie hrdze nie je problematick\u00e9, olupuj\u00faci sa n\u00e1ter m\u00f4\u017ee by\u0165 \u0165a\u017ek\u00fdm orie\u0161kom. Rokmi ho vysok\u00e9 teploty a\u00a0slnko vytvrdilo nato\u013eko, \u017ee nikdy nem\u00e1te istotu, \u010di ste vybr\u00fasili v\u0161etky problematick\u00e9 miesta. A\u00a0pr\u00e1ve toto v\u00e1m vieme zaru\u010di\u0165, v\u010faka dlhoro\u010dnej sk\u00fasenosti a\u00a0profesion\u00e1lnemu n\u00e1radiu.<\/p><p>Po prec\u00edznom br\u00fasen\u00ed na\u0161ej pozornosti neunikn\u00fa chybi\u010dky , ktor\u00e9 m\u00f4\u017eu \u010dasom prer\u00e1s\u0165 pri zanedban\u00ed do v\u00e1\u017enej\u0161\u00edch probl\u00e9mov.\u00a0 Prehrdzaven\u00e9 skrutky alebo klince nahrad\u00edme nov\u00fdmi spolu s\u00a0gumov\u00fdm tesnen\u00edm. Po\u0161koden\u00e9 klampiarske detaily profesion\u00e1lne oprav\u00edme, prisp\u00f4sob\u00edme s\u00fa\u010dasn\u00e9mu stavu alebo vymen\u00edme za nov\u00e9.<\/p><p>N\u00e1ter strechy aj napriek tomu nie je mo\u017en\u00fd preto\u017ee, nie v\u0161etky farby si dok\u00e1\u017eu s\u00a0hrdzou poradi\u0165. Aby sme hrdzu stabilizovali a\u00a0ochr\u00e1nili plech pred \u010fal\u0161ou kor\u00f3ziou , aplikujeme odhrdzova\u010d. Nie je to ve\u013ek\u00e1 invest\u00edcia ,ale kyselina fosfore\u010dn\u00e1 v\u00a0\u0148om obsiahnut\u00e1 zabezpe\u010d\u00ed, \u017ee sa hrdza premen\u00ed na stabiln\u00fd podklad.<\/p><p>\u010ealej m\u00f4\u017ee pri\u013enavos\u0165 farby na podklad ovplyvni\u0165 aj mastnoty, o\u00a0ktor\u00e9 na streche nie je n\u00fadza. Sapon\u00e1t zaist\u00ed, \u017ee sa ich nadobro zbav\u00edme.<\/p><p>A\u00a0je tu n\u00e1ter strechy , kde je be\u017enou rutinou nan\u00e1\u0161a\u0165 na spodn\u00fd , z\u00e1kladn\u00fd n\u00e1ter vrchn\u00fa farbu. Av\u0161ak ove\u013ea efekt\u00edvnej\u0161ie je\u00a0 pri ma\u013eovan\u00ed pou\u017ei\u0165 farbu typu 2v1. Tak\u00e9to n\u00e1terov\u00e9 hmoty s\u00fa namie\u0161an\u00e9 tak, aby sa nielen dokonale spojili s\u00a0podkladom, ale aj aby odol\u00e1vali ultrafialov\u00e9mu \u017eiareniu. Aby sme dosiahli po\u017eadovan\u00fa kvalitn\u00fa hr\u00fabku n\u00e1teru, je potrebn\u00e9 farbu aplikova\u0165 dva kr\u00e1t.<\/p><p>Na kvalitn\u00fd n\u00e1ter je potrebn\u00e9 chladnej\u0161ie po\u010dasie pod mrakom. Pr\u00edli\u0161n\u00e9 teplo sp\u00f4sobuje odparovanie rozp\u00fa\u0161\u0165adiel vo farbe , preto treba \u010dasto farbu riedi\u0165, \u010d\u00edm zv\u00fd\u0161ime finan\u010dn\u00fa n\u00e1ro\u010dnos\u0165 opravy. Preto je najvhodnej\u0161\u00ed \u010das na jar, koncom leta, \u010di za\u010diatkom jesene.<\/p>\t\t\t\t\t\t\t\t<\/div>\n\t\t\t\t\t<\/div>\n\t\t\t\t<\/div>\n\t\t\t\t<\/div>\n\t\t","protected":false},"excerpt":{"rendered":"<p>N\u00e1ter strechy Odlupuj\u00faca sa farba, hrdzav\u00e9 mapy a\u00a0hnedast\u00e9 naplaveniny pod miestami, kde d\u00e1\u017e\u010f a sneh naru\u0161ili ochrann\u00e9 vrstvy plechu. Toto v\u0161etko V\u00e1m oznamuje ,\u017ee je \u010das na nov\u00fd n\u00e1ter strechy. Ak sa o\u00a0svoju strechu postar\u00e1te v\u010das, mo\u017eno v\u00e1s pre\u017eije. Star\u00e1 plechov\u00e1 strecha , ak sa o\u00a0\u0148u dobre star\u00e1te vydr\u017e\u00ed viac , ako t\u00e1 dne\u0161n\u00e1. Pre [&hellip;]<\/p>\n","protected":false},"author":1,"featured_media":0,"parent":0,"menu_order":0,"comment_status":"closed","ping_status":"closed","template":"","meta":{"footnotes":""},"class_list":["post-223","page","type-page","status-publish","hentry"],"_links":{"self":[{"href":"https:\/\/dobrestrechy.sk\/index.php\/wp-json\/wp\/v2\/pages\/223","targetHints":{"allow":["GET"]}}],"collection":[{"href":"https:\/\/dobrestrechy.sk\/index.php\/wp-json\/wp\/v2\/pages"}],"about":[{"href":"https:\/\/dobrestrechy.sk\/index.php\/wp-json\/wp\/v2\/types\/page"}],"author":[{"embeddable":true,"href":"https:\/\/dobrestrechy.sk\/index.php\/wp-json\/wp\/v2\/users\/1"}],"replies":[{"embeddable":true,"href":"https:\/\/dobrestrechy.sk\/index.php\/wp-json\/wp\/v2\/comments?post=223"}],"version-history":[{"count":4,"href":"https:\/\/dobrestrechy.sk\/index.php\/wp-json\/wp\/v2\/pages\/223\/revisions"}],"predecessor-version":[{"id":228,"href":"https:\/\/dobrestrechy.sk\/index.php\/wp-json\/wp\/v2\/pages\/223\/revisions\/228"}],"wp:attachment":[{"href":"https:\/\/dobrestrechy.sk\/index.php\/wp-json\/wp\/v2\/media?parent=223"}],"curies":[{"name":"wp","href":"https:\/\/api.w.org\/{rel}","templated":true}]}}