{"id":38,"date":"2026-03-02T18:28:31","date_gmt":"2026-03-02T17:28:31","guid":{"rendered":"https:\/\/dobrestrechy.sk\/new\/?page_id=38"},"modified":"2026-03-02T18:29:55","modified_gmt":"2026-03-02T17:29:55","slug":"stresne-krytiny","status":"publish","type":"page","link":"https:\/\/dobrestrechy.sk\/index.php\/stresne-krytiny\/","title":{"rendered":"Stre\u0161n\u00e9 krytiny"},"content":{"rendered":"\t\t<div data-elementor-type=\"wp-page\" data-elementor-id=\"38\" class=\"elementor elementor-38\" data-elementor-settings=\"{&quot;ha_cmc_init_switcher&quot;:&quot;no&quot;}\">\n\t\t\t\t<div class=\"elementor-element elementor-element-fbe7916 e-con-full e-flex e-con e-parent\" data-id=\"fbe7916\" data-element_type=\"container\" data-e-type=\"container\" data-settings=\"{&quot;background_background&quot;:&quot;classic&quot;,&quot;_ha_eqh_enable&quot;:false}\">\n\t\t\t\t<div class=\"elementor-element elementor-element-48799bd elementor-widget elementor-widget-spacer\" data-id=\"48799bd\" data-element_type=\"widget\" data-e-type=\"widget\" data-widget_type=\"spacer.default\">\n\t\t\t\t\t\t\t<div class=\"elementor-spacer\">\n\t\t\t<div class=\"elementor-spacer-inner\"><\/div>\n\t\t<\/div>\n\t\t\t\t\t\t<\/div>\n\t\t\t\t<\/div>\n\t\t<div class=\"elementor-element elementor-element-125719e e-flex e-con-boxed e-con e-parent\" data-id=\"125719e\" data-element_type=\"container\" data-e-type=\"container\" data-settings=\"{&quot;_ha_eqh_enable&quot;:false}\">\n\t\t\t\t\t<div class=\"e-con-inner\">\n\t\t\t\t<div class=\"elementor-element elementor-element-ec10590 elementor-widget elementor-widget-spacer\" data-id=\"ec10590\" data-element_type=\"widget\" data-e-type=\"widget\" data-widget_type=\"spacer.default\">\n\t\t\t\t\t\t\t<div class=\"elementor-spacer\">\n\t\t\t<div class=\"elementor-spacer-inner\"><\/div>\n\t\t<\/div>\n\t\t\t\t\t\t<\/div>\n\t\t\t\t<div class=\"elementor-element elementor-element-8b4a2a2 elementor-widget elementor-widget-page-title\" data-id=\"8b4a2a2\" data-element_type=\"widget\" data-e-type=\"widget\" data-widget_type=\"page-title.default\">\n\t\t\t\t<div class=\"elementor-widget-container\">\n\t\t\t\t\t\t\t\n\t\t<div class=\"hfe-page-title hfe-page-title-wrapper elementor-widget-heading\">\n\n\t\t\t\t\t\t\t\t\t\t\t<a href=\"https:\/\/dobrestrechy.sk\">\n\t\t\t\t\t\t<h2 class=\"elementor-heading-title elementor-size-default\">\n\t\t\t\t\t\t\t\t\n\t\t\t\tStre\u0161n\u00e9 krytiny  \n\t\t\t<\/h2 > \n\t\t\t\t\t\t\t\t\t<\/a>\n\t\t\t\t\t<\/div>\n\t\t\t\t\t\t<\/div>\n\t\t\t\t<\/div>\n\t\t\t\t<div class=\"elementor-element elementor-element-7076ddb elementor-widget elementor-widget-text-editor\" data-id=\"7076ddb\" data-element_type=\"widget\" data-e-type=\"widget\" data-widget_type=\"text-editor.default\">\n\t\t\t\t\t\t\t\t\t<p>Strecha je jednou z\u00a0najd\u00f4le\u017eitej\u0161\u00edch \u010dast\u00ed v\u00e1\u0161ho domu. Na\u0161e stre\u0161n\u00e9 krytiny chr\u00e1na nielen v\u00e1\u0161 dom ale aj v\u00e1s. Preto treba v\u00fdberu tej spr\u00e1vnej venova\u0165 ve\u013ea pozornosti.<\/p><p>Pod\u013ea \u010doho sa stre\u0161n\u00e1 krytina vyber\u00e1?<\/p><p>Okrem ceny, ktor\u00e1 v\u00e1s iste bude zauj\u00edma\u0165 najviac, je predov\u0161etk\u00fdm d\u00f4le\u017eit\u00e1 \u017eivotnos\u0165, hmotnos\u0165 ako aj ak\u00fd estetick\u00fd vzh\u013ead ktor\u00fd v\u00e1m dan\u00e9 stre\u0161n\u00e9 krytiny pon\u00fakaj\u00fa. Na trhu sa \u010doraz viac udom\u00e1c\u0148uj\u00fa skladan\u00e9 stre\u0161n\u00e9 krytiny z\u00a0plechu, ktor\u00e9 s\u00fa \u0161peci\u00e1lne upraven\u00e9 proti kor\u00f3zii.<\/p><p>Samotn\u00e9 zlo\u017eenie z\u00a0vonkaj\u0161ej strany stre\u0161nej krytiny je nasledovn\u00e9:<\/p><ul><li>povrchov\u00e1 \u00faprava pural<\/li><li>z\u00e1kladn\u00fd n\u00e1ter<\/li><li>pasiva\u010dn\u00e1 vrstva<\/li><li>zinkov\u00e1 vrstva<\/li><li>oce\u013eov\u00e9 jadro.<\/li><\/ul><p>V\u0161etky vrstvy s\u00fa obojstranne nanesen\u00e9 na jadro. D\u00f4le\u017eit\u00fd je nielen v\u00fdber kvalitnej stre\u0161nej krytiny , ale taktie\u017e kvalitn\u00e1 mont\u00e1\u017e. Pr\u00e1ve toto v\u0161etko v\u00e1m poskytneme spolu s\u00a0odborn\u00fdm poradenstvom odborne vy\u0161kolen\u00fdm mont\u00e1\u017enikom.<\/p><p>Na trhu je \u0161irok\u00fd v\u00fdber stre\u0161nej krytiny vhodnej pre rekon\u0161trukciu , taktie\u017e aj pre novostavby. My v\u00e1m v\u0161ak pon\u00fakame to najlep\u0161ie na trhu spolu s\u00a0kvalitnou mont\u00e1\u017eou. Stre\u0161n\u00e1 krytina od spolo\u010dnosti K&amp;J&amp;G je to najkvalitnej\u0161ie \u010do trh m\u00f4\u017ee pon\u00faknu\u0165. K\u00a0dispoz\u00edcii je ucelen\u00fd stre\u0161n\u00fd syst\u00e9m , ako aj odkvapov\u00fd syst\u00e9m. Stre\u0161n\u00e1 krytina sa dod\u00e1va ako celok , ktor\u00fd sa ur\u010d\u00ed zo stavebn\u00e9ho pl\u00e1nu alebo z\u00a0odborn\u00e9ho zamerania, ktor\u00e9 v\u00e1m vieme poskytn\u00fa\u0165.<\/p><p>Zaru\u010dujeme v\u00e1m, \u017ee ak v\u00e1\u0161 v\u00fdber bude smerova\u0165 k\u00a0n\u00e1m , dostanete komplexn\u00e9 a\u00a0kvalitn\u00e9 rie\u0161enie realiz\u00e1cie v\u00fdstavby alebo rekon\u0161trukcie spolu s\u00a0odborn\u00fdm poradenstvom.<\/p>\t\t\t\t\t\t\t\t<\/div>\n\t\t\t\t\t<\/div>\n\t\t\t\t<\/div>\n\t\t\t\t<\/div>\n\t\t","protected":false},"excerpt":{"rendered":"<p>Stre\u0161n\u00e9 krytiny Strecha je jednou z\u00a0najd\u00f4le\u017eitej\u0161\u00edch \u010dast\u00ed v\u00e1\u0161ho domu. Na\u0161e stre\u0161n\u00e9 krytiny chr\u00e1na nielen v\u00e1\u0161 dom ale aj v\u00e1s. Preto treba v\u00fdberu tej spr\u00e1vnej venova\u0165 ve\u013ea pozornosti. Pod\u013ea \u010doho sa stre\u0161n\u00e1 krytina vyber\u00e1? Okrem ceny, ktor\u00e1 v\u00e1s iste bude zauj\u00edma\u0165 najviac, je predov\u0161etk\u00fdm d\u00f4le\u017eit\u00e1 \u017eivotnos\u0165, hmotnos\u0165 ako aj ak\u00fd estetick\u00fd vzh\u013ead ktor\u00fd v\u00e1m dan\u00e9 stre\u0161n\u00e9 [&hellip;]<\/p>\n","protected":false},"author":1,"featured_media":0,"parent":0,"menu_order":0,"comment_status":"closed","ping_status":"closed","template":"","meta":{"footnotes":""},"class_list":["post-38","page","type-page","status-publish","hentry"],"_links":{"self":[{"href":"https:\/\/dobrestrechy.sk\/index.php\/wp-json\/wp\/v2\/pages\/38","targetHints":{"allow":["GET"]}}],"collection":[{"href":"https:\/\/dobrestrechy.sk\/index.php\/wp-json\/wp\/v2\/pages"}],"about":[{"href":"https:\/\/dobrestrechy.sk\/index.php\/wp-json\/wp\/v2\/types\/page"}],"author":[{"embeddable":true,"href":"https:\/\/dobrestrechy.sk\/index.php\/wp-json\/wp\/v2\/users\/1"}],"replies":[{"embeddable":true,"href":"https:\/\/dobrestrechy.sk\/index.php\/wp-json\/wp\/v2\/comments?post=38"}],"version-history":[{"count":4,"href":"https:\/\/dobrestrechy.sk\/index.php\/wp-json\/wp\/v2\/pages\/38\/revisions"}],"predecessor-version":[{"id":43,"href":"https:\/\/dobrestrechy.sk\/index.php\/wp-json\/wp\/v2\/pages\/38\/revisions\/43"}],"wp:attachment":[{"href":"https:\/\/dobrestrechy.sk\/index.php\/wp-json\/wp\/v2\/media?parent=38"}],"curies":[{"name":"wp","href":"https:\/\/api.w.org\/{rel}","templated":true}]}}