{"id":44,"date":"2026-03-02T18:30:27","date_gmt":"2026-03-02T17:30:27","guid":{"rendered":"https:\/\/dobrestrechy.sk\/new\/?page_id=44"},"modified":"2026-04-14T15:58:32","modified_gmt":"2026-04-14T14:58:32","slug":"klampiarstvo","status":"publish","type":"page","link":"https:\/\/dobrestrechy.sk\/index.php\/klampiarstvo\/","title":{"rendered":"Klampiarstvo"},"content":{"rendered":"\t\t<div data-elementor-type=\"wp-page\" data-elementor-id=\"44\" class=\"elementor elementor-44\" data-elementor-settings=\"{&quot;ha_cmc_init_switcher&quot;:&quot;no&quot;}\">\n\t\t\t\t<div class=\"elementor-element elementor-element-fbe7916 e-con-full e-flex e-con e-parent\" data-id=\"fbe7916\" data-element_type=\"container\" data-e-type=\"container\" data-settings=\"{&quot;background_background&quot;:&quot;classic&quot;,&quot;_ha_eqh_enable&quot;:false}\">\n\t\t\t\t<div class=\"elementor-element elementor-element-48799bd elementor-widget elementor-widget-spacer\" data-id=\"48799bd\" data-element_type=\"widget\" data-e-type=\"widget\" data-widget_type=\"spacer.default\">\n\t\t\t\t\t\t\t<div class=\"elementor-spacer\">\n\t\t\t<div class=\"elementor-spacer-inner\"><\/div>\n\t\t<\/div>\n\t\t\t\t\t\t<\/div>\n\t\t\t\t<\/div>\n\t\t<div class=\"elementor-element elementor-element-125719e e-flex e-con-boxed e-con e-parent\" data-id=\"125719e\" data-element_type=\"container\" data-e-type=\"container\" data-settings=\"{&quot;_ha_eqh_enable&quot;:false}\">\n\t\t\t\t\t<div class=\"e-con-inner\">\n\t\t\t\t<div class=\"elementor-element elementor-element-ec10590 elementor-widget elementor-widget-spacer\" data-id=\"ec10590\" data-element_type=\"widget\" data-e-type=\"widget\" data-widget_type=\"spacer.default\">\n\t\t\t\t\t\t\t<div class=\"elementor-spacer\">\n\t\t\t<div class=\"elementor-spacer-inner\"><\/div>\n\t\t<\/div>\n\t\t\t\t\t\t<\/div>\n\t\t\t\t<div class=\"elementor-element elementor-element-8b4a2a2 elementor-widget elementor-widget-page-title\" data-id=\"8b4a2a2\" data-element_type=\"widget\" data-e-type=\"widget\" data-widget_type=\"page-title.default\">\n\t\t\t\t<div class=\"elementor-widget-container\">\n\t\t\t\t\t\t\t\n\t\t<div class=\"hfe-page-title hfe-page-title-wrapper elementor-widget-heading\">\n\n\t\t\t\t\t\t\t\t\t\t\t<a href=\"https:\/\/dobrestrechy.sk\">\n\t\t\t\t\t\t<h2 class=\"elementor-heading-title elementor-size-default\">\n\t\t\t\t\t\t\t\t\n\t\t\t\tKlampiarstvo  \n\t\t\t<\/h2 > \n\t\t\t\t\t\t\t\t\t<\/a>\n\t\t\t\t\t<\/div>\n\t\t\t\t\t\t<\/div>\n\t\t\t\t<\/div>\n\t\t\t\t<div class=\"elementor-element elementor-element-7076ddb elementor-widget elementor-widget-text-editor\" data-id=\"7076ddb\" data-element_type=\"widget\" data-e-type=\"widget\" data-widget_type=\"text-editor.default\">\n\t\t\t\t\t\t\t\t\t<h3 class=\"fusion-responsive-typography-calculated\" data-fontsize=\"16\" data-lineheight=\"24px\">Klampiarstvo a\u00a0tro\u0161ka z\u00a0jeho hist\u00f3rie<\/h3><p>Klampiarstvo ako remeslo vych\u00e1dza z\u00a0kov\u00e1\u010dskeho remesla. Prv\u00e9 zmienky o\u00a0klampiarstve poch\u00e1dzaj\u00fa z\u00a0konca 14-teho storo\u010dia. \u00dalohou klampiarov bola v\u00fdroba n\u00e1dob na potraviny r\u00f4znych tvarov.<\/p><p>Postupom \u010dasu sa za\u010dalo klampiarstvo meni\u0165 na pr\u00e1cach na domoch. Hlavnou \u00falohou klampiarov bolo zastre\u0161ovanie a\u00a0odvod\u0148ovanie striech kostolov a\u00a0ve\u013ek\u00fdch budov. Vtedaj\u0161\u00ed majster klampiar vyr\u00e1bal a\u00a0montoval v\u0161etko v\u00fdhradne ru\u010dne.<\/p><p>Dnes V\u00e1m pon\u00fakame modern\u00e9 stavebn\u00e9 klampiarstvo, ktor\u00e9 sa zaober\u00e1 v\u00fdrobou , lisovan\u00edm a\u00a0bodov\u00fdm zv\u00e1ran\u00edm v\u0161etk\u00fdch klampiarskych prvkov, ktor\u00e9 Va\u0161a strecha potrebuje.<\/p><h3 class=\"fusion-responsive-typography-calculated\" data-fontsize=\"16\" data-lineheight=\"24px\">Klampiarstvo a\u00a0Dobr\u00e9 Strechy<\/h3><p>Na\u0161a spolo\u010dnos\u0165 bola zalo\u017een\u00e1 v\u00a0roku 2010 po predch\u00e1dzaj\u00facej dlhoro\u010dnej praxi v\u00a0odbore.<\/p><p>Klampiarstvo ako tak\u00e9 sa u\u00a0n\u00e1s v\u00a0rodine dedilo z\u00a0pokolenia na pokolenie. Za\u010dal s\u00a0t\u00fdm dedo , ktor\u00fd viedol svojho syna a\u00a0n\u00e1sledne aj m\u0148a k\u00a0tejto zauj\u00edmavej a\u00a0v\u00fdsledky prin\u00e1\u0161aj\u00facej pr\u00e1ce.<\/p><p>Na\u0161a firma sa zaober\u00e1 hlavne stavebn\u00fdm klampiarstvom pri\u010dom v\u00a0tomto odbore m\u00e1me najdlh\u0161ie sk\u00fasenosti.<\/p><p>Poskytujeme dod\u00e1vku a\u00a0profesion\u00e1lnu mont\u00e1\u017e klampiarskych profilov a\u00a0v\u00fdrobkov, odkvapov\u00e9ho syst\u00e9mu a\u00a0stre\u0161n\u00fdch doplnkov. Taktie\u017e m\u00e1me k\u00a0dispoz\u00edcii oh\u00fdba\u010dku na oh\u00fdbanie a\u00a0profilovanie \u0161arn\u00ed.<\/p><p>Pon\u00fakame klampiarske prvky z\u00a0r\u00f4znych materi\u00e1lov :<\/p><p>\u2013\u00a0\u00a0\u00a0\u00a0\u00a0\u00a0\u00a0\u00a0\u00a0 Rheinzink<\/p><p>\u2013\u00a0\u00a0\u00a0\u00a0\u00a0\u00a0\u00a0\u00a0\u00a0 Me\u010f<\/p><p>\u2013\u00a0\u00a0\u00a0\u00a0\u00a0\u00a0\u00a0\u00a0\u00a0 Pozink<\/p><p>\u2013\u00a0\u00a0\u00a0\u00a0\u00a0\u00a0\u00a0\u00a0\u00a0 Nerez<\/p><p>\u2013\u00a0\u00a0\u00a0\u00a0\u00a0\u00a0\u00a0\u00a0\u00a0 Hlin\u00edk<\/p><p>\u2013\u00a0\u00a0\u00a0\u00a0\u00a0\u00a0\u00a0\u00a0\u00a0 Farebn\u00e9 a\u00a0lakovan\u00e9 plechy s\u00a0povrchovou \u00fapravou<\/p><p>Mont\u00e1\u017e v\u0161etk\u00fdch druhov \u017e\u013eabov\u00fdch a\u00a0zvodov\u00fdch syst\u00e9mov pod\u013ea po\u017eiadaviek z\u00e1kazn\u00edka.<\/p><p>Vyr\u00e1bame taktie\u017e r\u00f4zne atypick\u00e9 prvky, r\u00f4zne lemovania na mieru a\u00a0taktie\u017e kom\u00ednov\u00e9 a\u00a0okapov\u00e9 lemovania.<\/p><p>Vypracujeme V\u00e1m ponuku spolu s\u00a0prihliadan\u00edm na r\u00f4zne atypick\u00e9 prvky , pre Va\u0161u spokojnos\u0165 . Ve\u013ek\u00fd d\u00f4raz kladieme na kvalitu , funk\u010dnos\u0165 a\u00a0nez\u00e1vadnos\u0165 materi\u00e1lov. N\u00e1\u0161 person\u00e1l je odborne vy\u0161kolen\u00fd a\u00a0poskytuje vysoko odborn\u00fa a\u00a0prec\u00edznu pr\u00e1cu. Klampiarstvo na Va\u0161ej streche bude preveden\u00e9 profesion\u00e1lne. Klampiarske a\u00a0pokr\u00fdva\u010dsk\u00e9 pr\u00e1ce, ktor\u00e9 realizujeme u\u017e nieko\u013eko rokov, zabezpe\u010dili na\u0161ej firme u\u017e mnoho spokojn\u00fdch z\u00e1kazn\u00edkov. Preferujeme pr\u00edstup, ktor\u00fd je hlavne o\u00a0komunik\u00e1cii .Ku ka\u017ed\u00e9mu z\u00e1kazn\u00edkovi pristupujeme individu\u00e1lne, pod\u013ea jeho potrieb.<\/p><p>Rob\u00edme to, \u010domu rozumieme.<\/p>\t\t\t\t\t\t\t\t<\/div>\n\t\t\t\t\t<\/div>\n\t\t\t\t<\/div>\n\t\t\t\t<\/div>\n\t\t","protected":false},"excerpt":{"rendered":"<p>Klampiarstvo Klampiarstvo a\u00a0tro\u0161ka z\u00a0jeho hist\u00f3rie Klampiarstvo ako remeslo vych\u00e1dza z\u00a0kov\u00e1\u010dskeho remesla. Prv\u00e9 zmienky o\u00a0klampiarstve poch\u00e1dzaj\u00fa z\u00a0konca 14-teho storo\u010dia. \u00dalohou klampiarov bola v\u00fdroba n\u00e1dob na potraviny r\u00f4znych tvarov. Postupom \u010dasu sa za\u010dalo klampiarstvo meni\u0165 na pr\u00e1cach na domoch. Hlavnou \u00falohou klampiarov bolo zastre\u0161ovanie a\u00a0odvod\u0148ovanie striech kostolov a\u00a0ve\u013ek\u00fdch budov. Vtedaj\u0161\u00ed majster klampiar vyr\u00e1bal a\u00a0montoval v\u0161etko v\u00fdhradne ru\u010dne. [&hellip;]<\/p>\n","protected":false},"author":1,"featured_media":0,"parent":0,"menu_order":0,"comment_status":"closed","ping_status":"closed","template":"","meta":{"footnotes":""},"class_list":["post-44","page","type-page","status-publish","hentry"],"_links":{"self":[{"href":"https:\/\/dobrestrechy.sk\/index.php\/wp-json\/wp\/v2\/pages\/44","targetHints":{"allow":["GET"]}}],"collection":[{"href":"https:\/\/dobrestrechy.sk\/index.php\/wp-json\/wp\/v2\/pages"}],"about":[{"href":"https:\/\/dobrestrechy.sk\/index.php\/wp-json\/wp\/v2\/types\/page"}],"author":[{"embeddable":true,"href":"https:\/\/dobrestrechy.sk\/index.php\/wp-json\/wp\/v2\/users\/1"}],"replies":[{"embeddable":true,"href":"https:\/\/dobrestrechy.sk\/index.php\/wp-json\/wp\/v2\/comments?post=44"}],"version-history":[{"count":4,"href":"https:\/\/dobrestrechy.sk\/index.php\/wp-json\/wp\/v2\/pages\/44\/revisions"}],"predecessor-version":[{"id":49,"href":"https:\/\/dobrestrechy.sk\/index.php\/wp-json\/wp\/v2\/pages\/44\/revisions\/49"}],"wp:attachment":[{"href":"https:\/\/dobrestrechy.sk\/index.php\/wp-json\/wp\/v2\/media?parent=44"}],"curies":[{"name":"wp","href":"https:\/\/api.w.org\/{rel}","templated":true}]}}