{"id":534,"date":"2026-04-14T15:08:11","date_gmt":"2026-04-14T14:08:11","guid":{"rendered":"https:\/\/dobrestrechy.sk\/?page_id=534"},"modified":"2026-04-14T16:06:15","modified_gmt":"2026-04-14T15:06:15","slug":"hodnotenia-zakaznikov","status":"publish","type":"page","link":"https:\/\/dobrestrechy.sk\/index.php\/hodnotenia-zakaznikov\/","title":{"rendered":"Hodnotenia z\u00e1kazn\u00edkov"},"content":{"rendered":"\t\t<div data-elementor-type=\"wp-page\" data-elementor-id=\"534\" class=\"elementor elementor-534\" data-elementor-settings=\"{&quot;ha_cmc_init_switcher&quot;:&quot;no&quot;}\">\n\t\t\t\t<div class=\"elementor-element elementor-element-eff812f e-flex e-con-boxed e-con e-parent\" data-id=\"eff812f\" data-element_type=\"container\" data-e-type=\"container\" data-settings=\"{&quot;_ha_eqh_enable&quot;:false}\">\n\t\t\t\t\t<div class=\"e-con-inner\">\n\t\t\t\t<div class=\"elementor-element elementor-element-dfe7367 elementor-widget elementor-widget-heading\" data-id=\"dfe7367\" data-element_type=\"widget\" data-e-type=\"widget\" data-widget_type=\"heading.default\">\n\t\t\t\t\t<h2 class=\"elementor-heading-title elementor-size-default\">Recenzie z\u00e1kazn\u00edkov<\/h2>\t\t\t\t<\/div>\n\t\t\t\t<div class=\"elementor-element elementor-element-f55660f elementor-widget elementor-widget-eael-testimonial\" data-id=\"f55660f\" data-element_type=\"widget\" data-e-type=\"widget\" data-widget_type=\"eael-testimonial.default\">\n\t\t\t\t\t\n\t<div id=\"eael-testimonial-f55660f\" class=\"eael-testimonial-item clearfix  simple-layout rating-five\">\n\t\t\t\t\n\t\t\n\t\t\n\t\t\n\t\t\n\t\t\n\t\t\n\t\t\t\t\t\t\t\t<div class=\"eael-testimonial-content\">\n\t\t\t\t\t\t\t\t<h3 class=\"eael-testimonial-user\">Marek<\/h3>\n\t\t\t\t<p class=\"eael-testimonial-user-company\">Bansk\u00e1 \u0160tiavnica<\/p>\n\t\t\t\t\t\t<ul class=\"testimonial-star-rating\">\n\t\t\t<li><i class=\"fas fa-star\" aria-hidden=\"true\"><\/i><\/li>\n\t\t\t<li><i class=\"fas fa-star\" aria-hidden=\"true\"><\/i><\/li>\n\t\t\t<li><i class=\"fas fa-star\" aria-hidden=\"true\"><\/i><\/li>\n\t\t\t<li><i class=\"fas fa-star\" aria-hidden=\"true\"><\/i><\/li>\n\t\t\t<li><i class=\"fas fa-star\" aria-hidden=\"true\"><\/i><\/li>\n\t\t<\/ul>\n\t\t\t\t\t\t<div class=\"eael-testimonial-text\">\n\t\t\t\t\t<p>Kr\u00e1sna nov\u00e1 strecha v\u010faka firme VRteam. Chalani s\u00fa \u0161ikovn\u00ed a strecha doslova r\u00e1stla pred o\u010dami. R\u00fdchla pr\u00e1ca, zaka\u017ed\u00fdm, ke\u010f nejak\u00fa \u010das\u0165 odokryli, tak ju hne\u010f aj zakryli pred odchodom, kv\u00f4li pr\u00edpadn\u00e9mu da\u017e\u010fu. V\u0161etko v poriadku, celkovo som nadmieru spokojn\u00fd<\/p>\t\t\t\t<\/div>\n\t\t\t<\/div>\n\n\t\t\n\t\t<span class=\"eael-testimonial-quote\"><\/span>\n\t<\/div>\n\n\t\t\t\t\t<\/div>\n\t\t\t\t<div class=\"elementor-element elementor-element-8e476a7 elementor-widget elementor-widget-eael-testimonial\" data-id=\"8e476a7\" data-element_type=\"widget\" data-e-type=\"widget\" data-widget_type=\"eael-testimonial.default\">\n\t\t\t\t\t\n\t<div id=\"eael-testimonial-8e476a7\" class=\"eael-testimonial-item clearfix  simple-layout rating-five\">\n\t\t\t\t\n\t\t\n\t\t\n\t\t\n\t\t\n\t\t\n\t\t\n\t\t\t\t\t\t\t\t<div class=\"eael-testimonial-content\">\n\t\t\t\t\t\t\t\t<h3 class=\"eael-testimonial-user\">Eva<\/h3>\n\t\t\t\t<p class=\"eael-testimonial-user-company\">Bansk\u00e1 \u0160tiavnica<\/p>\n\t\t\t\t\t\t<ul class=\"testimonial-star-rating\">\n\t\t\t<li><i class=\"fas fa-star\" aria-hidden=\"true\"><\/i><\/li>\n\t\t\t<li><i class=\"fas fa-star\" aria-hidden=\"true\"><\/i><\/li>\n\t\t\t<li><i class=\"fas fa-star\" aria-hidden=\"true\"><\/i><\/li>\n\t\t\t<li><i class=\"fas fa-star\" aria-hidden=\"true\"><\/i><\/li>\n\t\t\t<li><i class=\"fas fa-star\" aria-hidden=\"true\"><\/i><\/li>\n\t\t<\/ul>\n\t\t\t\t\t\t<div class=\"eael-testimonial-text\">\n\t\t\t\t\t<p>R\u00fdchla a kvalitn\u00e1 pr\u00e1ca, strecha u\u017e zatekala. Firma urobila nov\u00fa strechu aj napriek nepriazni po\u010dasia ku plnej spokojnosti. \u010eakujem<\/p>\t\t\t\t<\/div>\n\t\t\t<\/div>\n\n\t\t\n\t\t<span class=\"eael-testimonial-quote\"><\/span>\n\t<\/div>\n\n\t\t\t\t\t<\/div>\n\t\t\t\t<div class=\"elementor-element elementor-element-20c2559 elementor-widget elementor-widget-spacer\" data-id=\"20c2559\" data-element_type=\"widget\" data-e-type=\"widget\" data-widget_type=\"spacer.default\">\n\t\t\t\t\t\t\t<div class=\"elementor-spacer\">\n\t\t\t<div class=\"elementor-spacer-inner\"><\/div>\n\t\t<\/div>\n\t\t\t\t\t\t<\/div>\n\t\t\t\t\t<\/div>\n\t\t\t\t<\/div>\n\t\t<div class=\"elementor-element elementor-element-9dac439 e-flex e-con-boxed e-con e-parent\" data-id=\"9dac439\" data-element_type=\"container\" data-e-type=\"container\" data-settings=\"{&quot;_ha_eqh_enable&quot;:false}\">\n\t\t\t\t\t<div class=\"e-con-inner\">\n\t\t\t\t<div class=\"elementor-element elementor-element-cb67bde elementor-widget elementor-widget-spacer\" data-id=\"cb67bde\" data-element_type=\"widget\" data-e-type=\"widget\" data-widget_type=\"spacer.default\">\n\t\t\t\t\t\t\t<div class=\"elementor-spacer\">\n\t\t\t<div class=\"elementor-spacer-inner\"><\/div>\n\t\t<\/div>\n\t\t\t\t\t\t<\/div>\n\t\t\t\t<div class=\"elementor-element elementor-element-eb2a86d elementor-widget elementor-widget-heading\" data-id=\"eb2a86d\" data-element_type=\"widget\" data-e-type=\"widget\" data-widget_type=\"heading.default\">\n\t\t\t\t\t<h3 class=\"elementor-heading-title elementor-size-default\">Pridajte Va\u0161e hodnotenie<\/h3>\t\t\t\t<\/div>\n\t\t\t\t<div class=\"elementor-element elementor-element-ab7e71f elementor-widget__width-initial eael-wpforms-labels-yes eael-wpforms-form-button-custom elementor-widget elementor-widget-eael-wpforms\" data-id=\"ab7e71f\" data-element_type=\"widget\" data-e-type=\"widget\" data-widget_type=\"eael-wpforms.default\">\n\t\t\t\t\t            <div class=\"eael-contact-form eael-wpforms eael-wpforms-align-default\">\n                                <div class=\"wpforms-container wpforms-container-full wpforms-render-modern\" id=\"wpforms-554\"><form id=\"wpforms-form-554\" class=\"wpforms-validate wpforms-form wpforms-ajax-form\" data-formid=\"554\" method=\"post\" enctype=\"multipart\/form-data\" action=\"\/index.php\/wp-json\/wp\/v2\/pages\/534\" data-token=\"60ba98a99372eeea6640957a9641afa4\" data-token-time=\"1776377931\"><div class=\"wpforms-head-container\"><\/div><noscript class=\"wpforms-error-noscript\">Please enable JavaScript in your browser to complete this form.<\/noscript><div id=\"wpforms-error-noscript\" style=\"display: none;\">Please enable JavaScript in your browser to complete this form.<\/div><div class=\"wpforms-field-container\">\t\t<div id=\"wpforms-554-field_5-container\"\n\t\t\tclass=\"wpforms-field wpforms-field-text\"\n\t\t\tdata-field-type=\"text\"\n\t\t\tdata-field-id=\"5\"\n\t\t\t>\n\t\t\t<label class=\"wpforms-field-label\" for=\"wpforms-554-field_5\" >Mesto Va\u0161e sk\u00fasenosti<\/label>\n\t\t\t<input type=\"text\" id=\"wpforms-554-field_5\" class=\"wpforms-field-medium\" name=\"wpforms[fields][5]\" >\n\t\t<\/div>\n\t\t<div id=\"wpforms-554-field_1-container\" class=\"wpforms-field wpforms-field-text\" data-field-id=\"1\"><label class=\"wpforms-field-label\" for=\"wpforms-554-field_1\">Va\u0161e meno <span class=\"wpforms-required-label\" aria-hidden=\"true\">*<\/span><\/label><input type=\"text\" id=\"wpforms-554-field_1\" class=\"wpforms-field-medium wpforms-field-required\" name=\"wpforms[fields][1]\" aria-errormessage=\"wpforms-554-field_1-error\" aria-describedby=\"wpforms-554-field_1-description\" required><div id=\"wpforms-554-field_1-description\" class=\"wpforms-field-description\">Va\u0161e meno ako bude zobrazen\u00e9 pri recenzii<\/div><\/div><div id=\"wpforms-554-field_2-container\" class=\"wpforms-field wpforms-field-text\" data-field-id=\"2\"><label class=\"wpforms-field-label\" for=\"wpforms-554-field_2\">Mesto <span class=\"wpforms-required-label\" aria-hidden=\"true\">*<\/span><\/label><input type=\"text\" id=\"wpforms-554-field_2\" class=\"wpforms-field-medium wpforms-field-required\" name=\"wpforms[fields][2]\" aria-errormessage=\"wpforms-554-field_2-error\" aria-describedby=\"wpforms-554-field_2-description\" required><div id=\"wpforms-554-field_2-description\" class=\"wpforms-field-description\">Kde sme realizovali slu\u017eby pre V\u00e1s<\/div><\/div><div id=\"wpforms-554-field_3-container\" class=\"wpforms-field wpforms-field-textarea\" data-field-id=\"3\"><label class=\"wpforms-field-label\" for=\"wpforms-554-field_3\">Va\u0161e sk\u00fasenosti s nami <span class=\"wpforms-required-label\" aria-hidden=\"true\">*<\/span><\/label><textarea id=\"wpforms-554-field_3\" class=\"wpforms-field-medium wpforms-field-required\" name=\"wpforms[fields][3]\" aria-errormessage=\"wpforms-554-field_3-error\" required><\/textarea><\/div><div id=\"wpforms-554-field_4-container\" class=\"wpforms-field wpforms-field-select wpforms-field-select-style-modern\" data-field-id=\"4\"><label class=\"wpforms-field-label\" for=\"wpforms-554-field_4\">Va\u0161a spokojnos\u0165 <span class=\"wpforms-required-label\" aria-hidden=\"true\">*<\/span><\/label><select id=\"wpforms-554-field_4\" class=\"wpforms-field-medium wpforms-field-required choicesjs-select\" data-size-class=\"wpforms-field-row wpforms-field-medium\" data-search-enabled=\"\" name=\"wpforms[fields][4]\" required=\"required\"><option value=\"\" class=\"placeholder\" disabled  selected='selected'>--- Select Choice ---<\/option><option value=\"1 hviezdi\u010dka\"  class=\"choice-1 depth-1\"  >1 hviezdi\u010dka<\/option><option value=\"2 hviezdi\u010dky\"  class=\"choice-2 depth-1\"  >2 hviezdi\u010dky<\/option><option value=\"3 hviezdi\u010dky\"  class=\"choice-3 depth-1\"  >3 hviezdi\u010dky<\/option><option value=\"4 hviezdi\u010dky\"  class=\"choice-5 depth-1\"  >4 hviezdi\u010dky<\/option><option value=\"5 hviezdi\u010dky\"  class=\"choice-4 depth-1\"  >5 hviezdi\u010dky<\/option><\/select><div id=\"wpforms-554-field_4-description\" class=\"wpforms-field-description\">Vyberte, ako ste spokojn\u00fd s na\u0161imi slu\u017ebami, 1 hviezdi\u010dka je nespokojn\u00fd, 5 hviezdi\u010diek je \u00faplne spokojn\u00fd<\/div><\/div><script>\n\t\t\t\t( function() {\n\t\t\t\t\tconst style = document.createElement( 'style' );\n\t\t\t\t\tstyle.appendChild( document.createTextNode( '#wpforms-554-field_5-container { position: absolute !important; overflow: hidden !important; display: inline !important; height: 1px !important; width: 1px !important; z-index: -1000 !important; padding: 0 !important; } #wpforms-554-field_5-container input { visibility: hidden; } #wpforms-conversational-form-page #wpforms-554-field_5-container label { counter-increment: none; }' ) );\n\t\t\t\t\tdocument.head.appendChild( style );\n\t\t\t\t\tdocument.currentScript?.remove();\n\t\t\t\t} )();\n\t\t\t<\/script><\/div><!-- .wpforms-field-container --><div class=\"wpforms-submit-container\" ><input type=\"hidden\" name=\"wpforms[id]\" value=\"554\"><input type=\"hidden\" name=\"page_title\" value=\"\"><input type=\"hidden\" name=\"page_url\" value=\"https:\/\/dobrestrechy.sk\/index.php\/wp-json\/wp\/v2\/pages\/534\"><input type=\"hidden\" name=\"url_referer\" value=\"\"><button type=\"submit\" name=\"wpforms[submit]\" id=\"wpforms-submit-554\" class=\"wpforms-submit\" data-alt-text=\"Odosielanie...\" data-submit-text=\"Odosla\u0165\" aria-live=\"assertive\" value=\"wpforms-submit\">Odosla\u0165<\/button><img decoding=\"async\" src=\"https:\/\/dobrestrechy.sk\/wp-content\/plugins\/wpforms-lite\/assets\/images\/submit-spin.svg\" class=\"wpforms-submit-spinner\" style=\"display: none;\" width=\"26\" height=\"26\" alt=\"Loading\"><\/div><\/form><\/div>  <!-- .wpforms-container -->            <\/div>\n\t\t\t\t<\/div>\n\t\t\t\t<div class=\"elementor-element elementor-element-63efdc4 elementor-widget elementor-widget-text-editor\" data-id=\"63efdc4\" data-element_type=\"widget\" data-e-type=\"widget\" data-widget_type=\"text-editor.default\">\n\t\t\t\t\t\t\t\t\t<p><em>Va\u0161e hodnotenia nie s\u00fa prid\u00e1van\u00e9 na str\u00e1nku automaticky, ale administr\u00e1torom str\u00e1nky. Je to kv\u00f4li ochrane proti spamu. V\u0161etko, \u010do zad\u00e1te do formul\u00e1ru bude zobrazen\u00e9 na str\u00e1nke, vr\u00e1tane V\u00e1\u0161ho mena a mesta, kde bola slu\u017eba pre V\u00e1s realizovan\u00e1. Vyplnen\u00edm formul\u00e1ru s\u00fahlas\u00edte so zverejnen\u00edm \u00fadajov zadan\u00fdch do formul\u00e1ra. Svoj s\u00fahlas m\u00f4\u017eete kedyko\u013evek odvola\u0165 kontaktovan\u00edm administr\u00e1tora web str\u00e1nky, ktor\u00fd Va\u0161e hodnotenie stiahne v \u010do najkrat\u0161om mo\u017enom \u010dase.\u00a0<\/em><\/p><p><em>\u010eakujeme a te\u0161\u00edme sa na Va\u0161e recenzie<\/em><\/p>\t\t\t\t\t\t\t\t<\/div>\n\t\t\t\t\t<\/div>\n\t\t\t\t<\/div>\n\t\t<div class=\"elementor-element elementor-element-2bd6232 e-flex e-con-boxed e-con e-parent\" data-id=\"2bd6232\" data-element_type=\"container\" data-e-type=\"container\" data-settings=\"{&quot;_ha_eqh_enable&quot;:false}\">\n\t\t\t\t\t<div class=\"e-con-inner\">\n\t\t\t\t<div class=\"elementor-element elementor-element-0295406 elementor-widget elementor-widget-spacer\" data-id=\"0295406\" data-element_type=\"widget\" data-e-type=\"widget\" data-widget_type=\"spacer.default\">\n\t\t\t\t\t\t\t<div class=\"elementor-spacer\">\n\t\t\t<div class=\"elementor-spacer-inner\"><\/div>\n\t\t<\/div>\n\t\t\t\t\t\t<\/div>\n\t\t\t\t\t<\/div>\n\t\t\t\t<\/div>\n\t\t\t\t<\/div>\n\t\t","protected":false},"excerpt":{"rendered":"<p>Recenzie z\u00e1kazn\u00edkov Marek Bansk\u00e1 \u0160tiavnica Kr\u00e1sna nov\u00e1 strecha v\u010faka firme VRteam. Chalani s\u00fa \u0161ikovn\u00ed a strecha doslova r\u00e1stla pred o\u010dami. R\u00fdchla pr\u00e1ca, zaka\u017ed\u00fdm, ke\u010f nejak\u00fa \u010das\u0165 odokryli, tak ju hne\u010f aj zakryli pred odchodom, kv\u00f4li pr\u00edpadn\u00e9mu da\u017e\u010fu. V\u0161etko v poriadku, celkovo som nadmieru spokojn\u00fd Eva Bansk\u00e1 \u0160tiavnica R\u00fdchla a kvalitn\u00e1 pr\u00e1ca, strecha u\u017e zatekala. Firma [&hellip;]<\/p>\n","protected":false},"author":1,"featured_media":0,"parent":0,"menu_order":0,"comment_status":"closed","ping_status":"closed","template":"","meta":{"footnotes":""},"class_list":["post-534","page","type-page","status-publish","hentry"],"_links":{"self":[{"href":"https:\/\/dobrestrechy.sk\/index.php\/wp-json\/wp\/v2\/pages\/534","targetHints":{"allow":["GET"]}}],"collection":[{"href":"https:\/\/dobrestrechy.sk\/index.php\/wp-json\/wp\/v2\/pages"}],"about":[{"href":"https:\/\/dobrestrechy.sk\/index.php\/wp-json\/wp\/v2\/types\/page"}],"author":[{"embeddable":true,"href":"https:\/\/dobrestrechy.sk\/index.php\/wp-json\/wp\/v2\/users\/1"}],"replies":[{"embeddable":true,"href":"https:\/\/dobrestrechy.sk\/index.php\/wp-json\/wp\/v2\/comments?post=534"}],"version-history":[{"count":34,"href":"https:\/\/dobrestrechy.sk\/index.php\/wp-json\/wp\/v2\/pages\/534\/revisions"}],"predecessor-version":[{"id":586,"href":"https:\/\/dobrestrechy.sk\/index.php\/wp-json\/wp\/v2\/pages\/534\/revisions\/586"}],"wp:attachment":[{"href":"https:\/\/dobrestrechy.sk\/index.php\/wp-json\/wp\/v2\/media?parent=534"}],"curies":[{"name":"wp","href":"https:\/\/api.w.org\/{rel}","templated":true}]}}