{"id":7,"date":"2026-03-02T18:06:43","date_gmt":"2026-03-02T17:06:43","guid":{"rendered":"https:\/\/dobrestrechy.sk\/new\/?page_id=7"},"modified":"2026-04-14T15:58:32","modified_gmt":"2026-04-14T14:58:32","slug":"o-spolocnosti","status":"publish","type":"page","link":"https:\/\/dobrestrechy.sk\/","title":{"rendered":"O spolo\u010dnosti"},"content":{"rendered":"\t\t<div data-elementor-type=\"wp-page\" data-elementor-id=\"7\" class=\"elementor elementor-7\" data-elementor-settings=\"{&quot;ha_cmc_init_switcher&quot;:&quot;no&quot;}\">\n\t\t\t\t<div class=\"elementor-element elementor-element-fbe7916 e-con-full e-flex e-con e-parent\" data-id=\"fbe7916\" data-element_type=\"container\" data-e-type=\"container\" data-settings=\"{&quot;background_background&quot;:&quot;classic&quot;,&quot;_ha_eqh_enable&quot;:false}\">\n\t\t\t\t<div class=\"elementor-element elementor-element-48799bd elementor-widget elementor-widget-spacer\" data-id=\"48799bd\" data-element_type=\"widget\" data-e-type=\"widget\" data-widget_type=\"spacer.default\">\n\t\t\t\t\t\t\t<div class=\"elementor-spacer\">\n\t\t\t<div class=\"elementor-spacer-inner\"><\/div>\n\t\t<\/div>\n\t\t\t\t\t\t<\/div>\n\t\t\t\t<\/div>\n\t\t<div class=\"elementor-element elementor-element-125719e e-flex e-con-boxed e-con e-parent\" data-id=\"125719e\" data-element_type=\"container\" data-e-type=\"container\" data-settings=\"{&quot;_ha_eqh_enable&quot;:false}\">\n\t\t\t\t\t<div class=\"e-con-inner\">\n\t\t\t\t<div class=\"elementor-element elementor-element-ec10590 elementor-widget elementor-widget-spacer\" data-id=\"ec10590\" data-element_type=\"widget\" data-e-type=\"widget\" data-widget_type=\"spacer.default\">\n\t\t\t\t\t\t\t<div class=\"elementor-spacer\">\n\t\t\t<div class=\"elementor-spacer-inner\"><\/div>\n\t\t<\/div>\n\t\t\t\t\t\t<\/div>\n\t\t\t\t<div class=\"elementor-element elementor-element-8b4a2a2 elementor-widget elementor-widget-page-title\" data-id=\"8b4a2a2\" data-element_type=\"widget\" data-e-type=\"widget\" data-widget_type=\"page-title.default\">\n\t\t\t\t<div class=\"elementor-widget-container\">\n\t\t\t\t\t\t\t\n\t\t<div class=\"hfe-page-title hfe-page-title-wrapper elementor-widget-heading\">\n\n\t\t\t\t\t\t\t\t\t\t\t<a href=\"https:\/\/dobrestrechy.sk\">\n\t\t\t\t\t\t<h2 class=\"elementor-heading-title elementor-size-default\">\n\t\t\t\t\t\t\t\t\n\t\t\t\tO spolo\u010dnosti  \n\t\t\t<\/h2 > \n\t\t\t\t\t\t\t\t\t<\/a>\n\t\t\t\t\t<\/div>\n\t\t\t\t\t\t<\/div>\n\t\t\t\t<\/div>\n\t\t\t\t<div class=\"elementor-element elementor-element-7076ddb elementor-widget elementor-widget-text-editor\" data-id=\"7076ddb\" data-element_type=\"widget\" data-e-type=\"widget\" data-widget_type=\"text-editor.default\">\n\t\t\t\t\t\t\t\t\t<p>Spolo\u010dnos\u0165 VR Team s.r.o. bola zalo\u017een\u00e1 v\u00a0roku 2010 po predch\u00e1dzaj\u00facich dlhoro\u010dn\u00fdch sk\u00fasenostiach majite\u013eov firmy, ktor\u00ed podnikali v\u00a0tomto odbore ako \u017eivnostn\u00edci.<\/p><p>Hlavn\u00fdm predmetom \u010dinnosti je pokr\u00fdva\u010dsk\u00e1 \u010dinnos\u0165 s\u00a0hlavn\u00fdm zameran\u00edm na v\u00fdstavbu a\u00a0rekon\u0161trukcie stavieb ob\u010dianskej vybavenosti, v\u00fdrobn\u00fdch a\u00a0priemyseln\u00fdch h\u00e1l, administrat\u00edvnych budov, rekon\u0161trukci\u00ed striech a\u00a0in\u00e1 stavebn\u00e1 \u010dinnos\u0165. Na\u0161a stavebn\u00e1 \u010dinnos\u0165 je zrealizovate\u013en\u00e1 kdeko\u013evek na \u00fazem\u00ed Slovenska ale aj mimo neho.<\/p><p>Stavby zhotovujeme na k\u013e\u00fa\u010d alebo aj formou subdod\u00e1vok.\u00a0 Na\u0161a spolo\u010dnos\u0165 disponuje odborne vy\u0161kolen\u00fdmi pracovn\u00edkmi v\u00a0danej oblasti s\u00a0nieko\u013ekoro\u010dnou praxou, potrebn\u00fa pr\u00e1ve k\u00a0t\u00fdmto pr\u00e1cam. Neust\u00e1le sa na\u0161e zru\u010dnosti a\u00a0sk\u00fasenosti zdokona\u013euj\u00fa v\u010faka ka\u017edoro\u010dn\u00fdm odborn\u00fdm \u0161koleniam. Ovl\u00e1dame aj star\u00e9 technol\u00f3gie , ktor\u00e9 s\u00fa nevyhnutn\u00e9 pri rekon\u0161trukcii kult\u00farnych pamiatok.<\/p><p>Na\u0161ou hlavnou \u010dinnos\u0165ou je kladenie striech, v\u00fdroba a\u00a0opl\u00e1\u0161\u0165ovanie h\u00e1l, klampiarstvo , r\u00f4zne typy pr\u00edstre\u0161kov , n\u00e1tery striech\u00a0 a\u00a0taktie\u017e stavebn\u00e1 \u010dinnos\u0165. V\u010faka vybavenosti na\u0161ej dielne sme schopn\u00ed pripravi\u0165 materi\u00e1l a\u00a0doplnky prisl\u00fachaj\u00face k\u00a0nemu presne na mieru.<\/p><p>Odborn\u00fa sp\u00f4sobilos\u0165 dokladujeme v\u00fdpisom z\u00a0Obchodn\u00e9ho registra, referenciami predo\u0161l\u00fdch stavieb a\u00a0samozrejme pracovn\u00edkmi, ktor\u00ed maj\u00fa osved\u010denia a\u00a0odborn\u00fa prax na v\u00fdkon \u010dinnosti svojej profesie.<\/p><p>VR Team s.r.o. V\u00e1m garantuje, \u017ee zrealizovan\u00e9 dielo si zachov\u00e1 vlastnosti a\u00a0bude plni\u0165 svoju funkciu po dlh\u00e9 roky. Pri dod\u00e1vkach materi\u00e1lu ako s\u00fa napr\u00edklad stre\u0161n\u00e1 krytina je poskytovan\u00e1 z\u00e1ruka dan\u00e1 v\u00fdrobcom.<\/p><p>Stavebn\u00e1 \u010dinnos\u0165 teda pr\u00e1ce sa organizuj\u00fa pod\u013ea po\u017eiadaviek investora v\u00a0takom \u010dasovom horizonte, ktor\u00fd je ods\u00fahlasen\u00fd v\u00a0zmluve o\u00a0dielo.<\/p><p>Ceny stanoven\u00e9 pre realiz\u00e1ciu projektov tvor\u00edme pod\u013ea cenn\u00edkov. Poskytneme komplexn\u00e9 poradenstvo pri v\u00fdbere materi\u00e1lu. Zrealizujeme merania a\u00a0n\u00e1sledne vypracujeme predbe\u017en\u00fa cenov\u00fa ponuku.<\/p><p>Zrealizujeme profesion\u00e1lnu mont\u00e1\u017e r\u00fdchlo a\u00a0spo\u013eahlivo a\u00a0zabezpe\u010d\u00edme aj bezpe\u010dn\u00fd odvoz a\u00a0likvid\u00e1ciu odpadu.<\/p><p>V\u00fdmerou a\u00a0mont\u00e1\u017eou sa samozrejme na\u0161e slu\u017eby nekon\u010dia. Pre Va\u0161u absol\u00fatnu spokojnos\u0165 pon\u00fakame aj servis v\u00a0pr\u00edpade po\u0161kodenia ,\u010di dodania nov\u00e9ho komponentu.<\/p><p>\u00daspe\u0161ne vybudovan\u00e9 projekty najr\u00f4znej\u0161ieho charakteru s\u00fa najlep\u0161ou z\u00e1rukou spo\u013eahlivosti, kvality na\u0161ej pr\u00e1ce od \u010doho sa odv\u00edja ve\u013ea na\u0161ich spokojn\u00fdch z\u00e1kazn\u00edkov.<\/p>\t\t\t\t\t\t\t\t<\/div>\n\t\t\t\t\t<\/div>\n\t\t\t\t<\/div>\n\t\t\t\t<\/div>\n\t\t","protected":false},"excerpt":{"rendered":"<p>O spolo\u010dnosti Spolo\u010dnos\u0165 VR Team s.r.o. bola zalo\u017een\u00e1 v\u00a0roku 2010 po predch\u00e1dzaj\u00facich dlhoro\u010dn\u00fdch sk\u00fasenostiach majite\u013eov firmy, ktor\u00ed podnikali v\u00a0tomto odbore ako \u017eivnostn\u00edci. Hlavn\u00fdm predmetom \u010dinnosti je pokr\u00fdva\u010dsk\u00e1 \u010dinnos\u0165 s\u00a0hlavn\u00fdm zameran\u00edm na v\u00fdstavbu a\u00a0rekon\u0161trukcie stavieb ob\u010dianskej vybavenosti, v\u00fdrobn\u00fdch a\u00a0priemyseln\u00fdch h\u00e1l, administrat\u00edvnych budov, rekon\u0161trukci\u00ed striech a\u00a0in\u00e1 stavebn\u00e1 \u010dinnos\u0165. Na\u0161a stavebn\u00e1 \u010dinnos\u0165 je zrealizovate\u013en\u00e1 kdeko\u013evek na \u00fazem\u00ed Slovenska [&hellip;]<\/p>\n","protected":false},"author":1,"featured_media":0,"parent":0,"menu_order":0,"comment_status":"closed","ping_status":"closed","template":"","meta":{"footnotes":""},"class_list":["post-7","page","type-page","status-publish","hentry"],"_links":{"self":[{"href":"https:\/\/dobrestrechy.sk\/index.php\/wp-json\/wp\/v2\/pages\/7","targetHints":{"allow":["GET"]}}],"collection":[{"href":"https:\/\/dobrestrechy.sk\/index.php\/wp-json\/wp\/v2\/pages"}],"about":[{"href":"https:\/\/dobrestrechy.sk\/index.php\/wp-json\/wp\/v2\/types\/page"}],"author":[{"embeddable":true,"href":"https:\/\/dobrestrechy.sk\/index.php\/wp-json\/wp\/v2\/users\/1"}],"replies":[{"embeddable":true,"href":"https:\/\/dobrestrechy.sk\/index.php\/wp-json\/wp\/v2\/comments?post=7"}],"version-history":[{"count":5,"href":"https:\/\/dobrestrechy.sk\/index.php\/wp-json\/wp\/v2\/pages\/7\/revisions"}],"predecessor-version":[{"id":37,"href":"https:\/\/dobrestrechy.sk\/index.php\/wp-json\/wp\/v2\/pages\/7\/revisions\/37"}],"wp:attachment":[{"href":"https:\/\/dobrestrechy.sk\/index.php\/wp-json\/wp\/v2\/media?parent=7"}],"curies":[{"name":"wp","href":"https:\/\/api.w.org\/{rel}","templated":true}]}}