{"id":76,"date":"2026-03-02T18:52:50","date_gmt":"2026-03-02T17:52:50","guid":{"rendered":"https:\/\/dobrestrechy.sk\/new\/?page_id=76"},"modified":"2026-04-14T15:58:32","modified_gmt":"2026-04-14T14:58:32","slug":"lahka-plechova-stresna-krytina","status":"publish","type":"page","link":"https:\/\/dobrestrechy.sk\/index.php\/lahka-plechova-stresna-krytina\/","title":{"rendered":"\u013dahk\u00e1 plechov\u00e1 stre\u0161n\u00e1 krytina"},"content":{"rendered":"\t\t<div data-elementor-type=\"wp-page\" data-elementor-id=\"76\" class=\"elementor elementor-76\" data-elementor-settings=\"{&quot;ha_cmc_init_switcher&quot;:&quot;no&quot;}\">\n\t\t\t\t<div class=\"elementor-element elementor-element-fbe7916 e-con-full e-flex e-con e-parent\" data-id=\"fbe7916\" data-element_type=\"container\" data-e-type=\"container\" data-settings=\"{&quot;background_background&quot;:&quot;classic&quot;,&quot;_ha_eqh_enable&quot;:false}\">\n\t\t\t\t<div class=\"elementor-element elementor-element-48799bd elementor-widget elementor-widget-spacer\" data-id=\"48799bd\" data-element_type=\"widget\" data-e-type=\"widget\" data-widget_type=\"spacer.default\">\n\t\t\t\t\t\t\t<div class=\"elementor-spacer\">\n\t\t\t<div class=\"elementor-spacer-inner\"><\/div>\n\t\t<\/div>\n\t\t\t\t\t\t<\/div>\n\t\t\t\t<\/div>\n\t\t<div class=\"elementor-element elementor-element-125719e e-flex e-con-boxed e-con e-parent\" data-id=\"125719e\" data-element_type=\"container\" data-e-type=\"container\" data-settings=\"{&quot;_ha_eqh_enable&quot;:false}\">\n\t\t\t\t\t<div class=\"e-con-inner\">\n\t\t\t\t<div class=\"elementor-element elementor-element-ec10590 elementor-widget elementor-widget-spacer\" data-id=\"ec10590\" data-element_type=\"widget\" data-e-type=\"widget\" data-widget_type=\"spacer.default\">\n\t\t\t\t\t\t\t<div class=\"elementor-spacer\">\n\t\t\t<div class=\"elementor-spacer-inner\"><\/div>\n\t\t<\/div>\n\t\t\t\t\t\t<\/div>\n\t\t\t\t<div class=\"elementor-element elementor-element-8b4a2a2 elementor-widget elementor-widget-page-title\" data-id=\"8b4a2a2\" data-element_type=\"widget\" data-e-type=\"widget\" data-widget_type=\"page-title.default\">\n\t\t\t\t<div class=\"elementor-widget-container\">\n\t\t\t\t\t\t\t\n\t\t<div class=\"hfe-page-title hfe-page-title-wrapper elementor-widget-heading\">\n\n\t\t\t\t\t\t\t\t\t\t\t<a href=\"https:\/\/dobrestrechy.sk\">\n\t\t\t\t\t\t<h2 class=\"elementor-heading-title elementor-size-default\">\n\t\t\t\t\t\t\t\t\n\t\t\t\t\u013dahk\u00e1 plechov\u00e1 stre\u0161n\u00e1 krytina  \n\t\t\t<\/h2 > \n\t\t\t\t\t\t\t\t\t<\/a>\n\t\t\t\t\t<\/div>\n\t\t\t\t\t\t<\/div>\n\t\t\t\t<\/div>\n\t\t\t\t<div class=\"elementor-element elementor-element-7076ddb elementor-widget elementor-widget-text-editor\" data-id=\"7076ddb\" data-element_type=\"widget\" data-e-type=\"widget\" data-widget_type=\"text-editor.default\">\n\t\t\t\t\t\t\t\t\t<p>Plechov\u00e1 stre\u0161n\u00e1 krytina patr\u00ed medzi naj\u010dastej\u0161ie pou\u017e\u00edvan\u00e9 stre\u0161n\u00e9 krytiny na novostavb\u00e1ch alebo pri rekon\u0161trukcii rodinn\u00fdch domov, rekrea\u010dn\u00fdch domov, verejn\u00fdch budov\u00e1ch a\u00a0taktie\u017e na hal\u00e1ch.<\/p><p>Mo\u017eno aj vy patr\u00edte medzi \u013eud\u00ed , ktor\u00fd plechovej stre\u0161nej krytine pr\u00edli\u0161 ned\u00f4veruj\u00fa. Samozrejme , je to v\u00e1\u0161 n\u00e1zor , ale treba poveda\u0165, \u017ee nie je tak celkom opodstatnen\u00fd. Na plechovej krytine toti\u017e nie je ni\u010d zl\u00e9 , pr\u00e1ve naopak. Tento typ materi\u00e1lu pre stre\u0161n\u00fa krytinu v\u00a0s\u00fa\u010dasnosti naber\u00e1 pr\u00edvlastok modern\u00e9ho trendu, preto\u017ee modern\u00e1 krytina v\u00a0sebe skr\u00fdva mnoh\u00e9 pozit\u00edva.<\/p><p>Ak\u00e9 v\u00fdhody m\u00e1 \u013eahk\u00e1 plechov\u00e1 stre\u0161n\u00e1 krytina?<\/p><p>Okrem ceny, je najv\u00e4\u010d\u0161ou v\u00fdhodou jej hmotnos\u0165 ( 1m\u00b2 krytiny v\u00e1\u017ei pribli\u017ene 4,5 kg ) , \u010d\u00edm neza\u0165a\u017euje krov a\u00a0nenar\u00fa\u0161a stabilitu stavby. \u010eal\u0161ia z\u00a0v\u00fdhod, ktor\u00e9 pon\u00faka \u013eahk\u00e1 plechov\u00e1 stre\u0161n\u00e1 krytina je ,\u017ee v\u010faka v\u00fdrobn\u00e9mu procesu m\u00f4\u017eeme krytinu striha\u0165 na d\u013a\u017eku strechy ur\u010den\u00fa projektom a\u00a0tak zn\u00ed\u017ei\u0165 mno\u017estvo odpadu. Taktie\u017e vieme realizova\u0165 r\u00f4zne netypick\u00e9 objedn\u00e1vky.<\/p><p>Plechov\u00e1 stre\u0161n\u00e1 krytina spolo\u010dnosti K&amp;J&amp;G , ktor\u00e1 sa ozna\u010duje UNI 1 a\u00a0UNI 2 je ur\u010den\u00e1 na vytv\u00e1ranie striech s\u00a0minim\u00e1lnym sklonom 14\u00b0 s\u00a0prie\u010dnym spojom, alebo pre strechy s\u00a0minim\u00e1lnym sklonom 12\u00b0 bez prie\u010dnych spojov s\u00a0osovou vzdialenos\u0165ou latovania 350 mm alebo 400 mm pod\u013ea pou\u017eit\u00e9ho typu plechovej stre\u0161nej krytiny.<\/p><p>Plechov\u00e1 stre\u0161n\u00e1 krytina sa vyr\u00e1ba tvarovan\u00edm za studena z\u00a0oce\u013eov\u00e9ho alebo hlin\u00edkov\u00e9ho plechu do tvaru vlnit\u00e9ho profilu s\u00a0prie\u010dnymi prelismi.<\/p><p>Oce\u013eov\u00fd plech je obojstranne \u017eiarovo zinkovan\u00fd , pod\u013ea STN EN 10169-1.<\/p><p>Plechov\u00e1 stre\u0161n\u00e1 krytina je v\u00fdhodn\u00e1 aj v\u010faka jednoduchej mont\u00e1\u017ee a\u00a0tak aj neskorej \u00fadr\u017ebe. Majite\u013eom tak zjednodu\u0161ia \u017eivot. Taktie\u017e sa osved\u010dila aj svojou odolnos\u0165ou v\u00a0extr\u00e9mnych poveternostn\u00fdch podmienkach. T\u00e1to odolnos\u0165 m\u00e1 dlh\u00fa \u017eivotnos\u0165 , a\u00a0tak u\u017e dnes samozrejme nehroz\u00ed ka\u017edoro\u010dn\u00e9 natieranie plechov\u00fdch striech, ako sme boli tomu svedkami v\u00a0minulosti.<\/p><p>Je d\u00f4le\u017eit\u00e9 ,aby sa vzh\u013ead va\u0161ej strechy zhodoval s\u00a0celkovou viz\u00e1\u017eou v\u00e1\u0161ho domu . Preto m\u00e1te na v\u00fdber z\u00a0profilov a\u00a0taktie\u017e farieb, ktor\u00e1 sa v\u00e1m najlep\u0161ie hodia k\u00a0v\u00e1\u0161mu domu.<\/p>\t\t\t\t\t\t\t\t<\/div>\n\t\t\t\t\t<\/div>\n\t\t\t\t<\/div>\n\t\t\t\t<\/div>\n\t\t","protected":false},"excerpt":{"rendered":"<p>\u013dahk\u00e1 plechov\u00e1 stre\u0161n\u00e1 krytina Plechov\u00e1 stre\u0161n\u00e1 krytina patr\u00ed medzi naj\u010dastej\u0161ie pou\u017e\u00edvan\u00e9 stre\u0161n\u00e9 krytiny na novostavb\u00e1ch alebo pri rekon\u0161trukcii rodinn\u00fdch domov, rekrea\u010dn\u00fdch domov, verejn\u00fdch budov\u00e1ch a\u00a0taktie\u017e na hal\u00e1ch. Mo\u017eno aj vy patr\u00edte medzi \u013eud\u00ed , ktor\u00fd plechovej stre\u0161nej krytine pr\u00edli\u0161 ned\u00f4veruj\u00fa. Samozrejme , je to v\u00e1\u0161 n\u00e1zor , ale treba poveda\u0165, \u017ee nie je tak celkom [&hellip;]<\/p>\n","protected":false},"author":1,"featured_media":0,"parent":0,"menu_order":0,"comment_status":"closed","ping_status":"closed","template":"","meta":{"footnotes":""},"class_list":["post-76","page","type-page","status-publish","hentry"],"_links":{"self":[{"href":"https:\/\/dobrestrechy.sk\/index.php\/wp-json\/wp\/v2\/pages\/76","targetHints":{"allow":["GET"]}}],"collection":[{"href":"https:\/\/dobrestrechy.sk\/index.php\/wp-json\/wp\/v2\/pages"}],"about":[{"href":"https:\/\/dobrestrechy.sk\/index.php\/wp-json\/wp\/v2\/types\/page"}],"author":[{"embeddable":true,"href":"https:\/\/dobrestrechy.sk\/index.php\/wp-json\/wp\/v2\/users\/1"}],"replies":[{"embeddable":true,"href":"https:\/\/dobrestrechy.sk\/index.php\/wp-json\/wp\/v2\/comments?post=76"}],"version-history":[{"count":4,"href":"https:\/\/dobrestrechy.sk\/index.php\/wp-json\/wp\/v2\/pages\/76\/revisions"}],"predecessor-version":[{"id":81,"href":"https:\/\/dobrestrechy.sk\/index.php\/wp-json\/wp\/v2\/pages\/76\/revisions\/81"}],"wp:attachment":[{"href":"https:\/\/dobrestrechy.sk\/index.php\/wp-json\/wp\/v2\/media?parent=76"}],"curies":[{"name":"wp","href":"https:\/\/api.w.org\/{rel}","templated":true}]}}