{"id":82,"date":"2026-03-02T18:54:31","date_gmt":"2026-03-02T17:54:31","guid":{"rendered":"https:\/\/dobrestrechy.sk\/new\/?page_id=82"},"modified":"2026-04-14T15:58:32","modified_gmt":"2026-04-14T14:58:32","slug":"falcovana-krytina","status":"publish","type":"page","link":"https:\/\/dobrestrechy.sk\/index.php\/falcovana-krytina\/","title":{"rendered":"Falcovan\u00e1 krytina"},"content":{"rendered":"\t\t<div data-elementor-type=\"wp-page\" data-elementor-id=\"82\" class=\"elementor elementor-82\" data-elementor-settings=\"{&quot;ha_cmc_init_switcher&quot;:&quot;no&quot;}\">\n\t\t\t\t<div class=\"elementor-element elementor-element-fbe7916 e-con-full e-flex e-con e-parent\" data-id=\"fbe7916\" data-element_type=\"container\" data-e-type=\"container\" data-settings=\"{&quot;background_background&quot;:&quot;classic&quot;,&quot;_ha_eqh_enable&quot;:false}\">\n\t\t\t\t<div class=\"elementor-element elementor-element-48799bd elementor-widget elementor-widget-spacer\" data-id=\"48799bd\" data-element_type=\"widget\" data-e-type=\"widget\" data-widget_type=\"spacer.default\">\n\t\t\t\t\t\t\t<div class=\"elementor-spacer\">\n\t\t\t<div class=\"elementor-spacer-inner\"><\/div>\n\t\t<\/div>\n\t\t\t\t\t\t<\/div>\n\t\t\t\t<\/div>\n\t\t<div class=\"elementor-element elementor-element-125719e e-flex e-con-boxed e-con e-parent\" data-id=\"125719e\" data-element_type=\"container\" data-e-type=\"container\" data-settings=\"{&quot;_ha_eqh_enable&quot;:false}\">\n\t\t\t\t\t<div class=\"e-con-inner\">\n\t\t\t\t<div class=\"elementor-element elementor-element-ec10590 elementor-widget elementor-widget-spacer\" data-id=\"ec10590\" data-element_type=\"widget\" data-e-type=\"widget\" data-widget_type=\"spacer.default\">\n\t\t\t\t\t\t\t<div class=\"elementor-spacer\">\n\t\t\t<div class=\"elementor-spacer-inner\"><\/div>\n\t\t<\/div>\n\t\t\t\t\t\t<\/div>\n\t\t\t\t<div class=\"elementor-element elementor-element-8b4a2a2 elementor-widget elementor-widget-page-title\" data-id=\"8b4a2a2\" data-element_type=\"widget\" data-e-type=\"widget\" data-widget_type=\"page-title.default\">\n\t\t\t\t<div class=\"elementor-widget-container\">\n\t\t\t\t\t\t\t\n\t\t<div class=\"hfe-page-title hfe-page-title-wrapper elementor-widget-heading\">\n\n\t\t\t\t\t\t\t\t\t\t\t<a href=\"https:\/\/dobrestrechy.sk\">\n\t\t\t\t\t\t<h2 class=\"elementor-heading-title elementor-size-default\">\n\t\t\t\t\t\t\t\t\n\t\t\t\tFalcovan\u00e1 krytina  \n\t\t\t<\/h2 > \n\t\t\t\t\t\t\t\t\t<\/a>\n\t\t\t\t\t<\/div>\n\t\t\t\t\t\t<\/div>\n\t\t\t\t<\/div>\n\t\t\t\t<div class=\"elementor-element elementor-element-7076ddb elementor-widget elementor-widget-text-editor\" data-id=\"7076ddb\" data-element_type=\"widget\" data-e-type=\"widget\" data-widget_type=\"text-editor.default\">\n\t\t\t\t\t\t\t\t\t<p>Falcovan\u00e1 krytina patr\u00ed medzi najspo\u013eahlivej\u0161ie a\u00a0najob\u013e\u00fabenej\u0161ie krytiny u\u017e dlh\u00e9 roky. Pre dne\u0161n\u00fa modern\u00fa architekt\u00faru sa st\u00e1va ve\u013ek\u00fdm hitom. Modern\u00e1 architekt\u00fara dnes kladie d\u00f4raz na maxim\u00e1lnu vyu\u017eite\u013enos\u0165 priestoru a\u00a0to vy\u017eaduje \u010dasto minim\u00e1lny sklon strechy. Je ju mo\u017en\u00e9 pou\u017ei\u0165 na ka\u017ed\u00fd druh strechy a\u00a0to u\u017e od n\u00edzkych sklonov ( od 3\u00b0 ) . Samozrejme sl\u00fa\u017ei aj ako zachovanie p\u00f4vodnej viz\u00e1\u017ee star\u00fdch budov a\u00a0zachovania r\u00e1zu mesta.<\/p><p>Pon\u00faka \u0161irok\u00fa \u0161k\u00e1lu farebn\u00fdch preveden\u00ed ako aj pou\u017eit\u00fdch materi\u00e1lov. V\u00a0s\u00fa\u010dasnosti sa \u010dasto pou\u017e\u00edva na renov\u00e1ciu historick\u00fdch budov ale taktie\u017e aj v\u00a0modern\u00fdch stavebn\u00fdch projektoch. \u010eal\u0161ia v\u00fdhoda, ktor\u00fa falcovan\u00e1 krytina pon\u00faka je mo\u017enos\u0165 pou\u017eitia ako fas\u00e1du ,ktor\u00e1 je t\u00fdm p\u00e1dom vysoko odoln\u00e1 a\u00a0trv\u00e1cna. V\u010faka \u0161irokej \u0161k\u00e1le farieb je mo\u017en\u00e9 krytinu na fas\u00e1de budovy farebne zladi\u0165 okenn\u00fdmi r\u00e1mami \u010di odkvapov\u00fdm syst\u00e9mom.Ve\u013ekou v\u00fdhodou je taktie\u017e jej n\u00edzka hmotnos\u0165 a\u00a0\u013eahk\u00e1 \u00fadr\u017eba ako aj to ,\u017ee po celej ploche nie je vidite\u013en\u00e9 uchyt\u00e1vanie krytiny. Je toti\u017e kotven\u00e1 pomocou pr\u00edponiek vo falcoch, \u010d\u00edm je spoj bezpe\u010dne odoln\u00fd vo\u010di da\u017e\u010fu a\u00a0snehu.<\/p><p>V\u00fdroba falcovanej krytiny prebieha p\u00e1sovo, preto je mo\u017en\u00e9 krytinu vyrobi\u0165 v\u00a0r\u00f4znych d\u013a\u017ekach, \u010do v\u00a0kone\u010dnom d\u00f4sledku znamen\u00e1 minimum odpadu . Taktie\u017e je mo\u017en\u00e9 falcovan\u00fa krytinu oh\u00fdba\u0165 do zvl\u00e1\u0161tnych tvarov a\u00a0zaoblen\u00ed ( napr\u00edklad do tvaru ku\u017ee\u013ea, r\u00f4znych obl\u00fakov ) .<\/p><p>\u010eal\u0161ou z\u00a0v\u00fdhod, ktor\u00e9 falcovan\u00e1 krytina m\u00e1 je jej \u0161peci\u00e1lna povrchov\u00e1 \u00faprava, v\u010faka ktorej je krytina trvanliv\u00e1 a\u00a0bez\u00fadr\u017ebov\u00e1. V\u0161etky ohyby plechu v\u00a0priebehu mont\u00e1\u017ee s\u00fa v\u00a0preveden\u00ed u\u017e s\u00a0touto ochrannou povrchovou \u00fapravou , v\u010faka \u010domu nedoch\u00e1dza k\u00a0jej poru\u0161eniu. Stre\u0161n\u00e1 falcovan\u00e1 krytina tak v\u010faka tomu nem\u00e1 jedin\u00e9 slab\u00e9 miesto.<\/p><p>Falcovan\u00e1 krytina m\u00e1 jednoduch\u00fa a\u00a0r\u00fdchlu mont\u00e1\u017e , v\u010faka \u010domu v\u00fdrazne ur\u00fdchlime v\u00e1\u0161 projekt. P\u00e1sy v\u00a0po\u017eadovanej d\u013a\u017eke s\u00fa ihne\u010f pripraven\u00e9 ku kladeniu na stre\u0161n\u00fa kon\u0161trukciu, kde s\u00fa n\u00e1sledne uzatv\u00e1ran\u00e9 strojovou falcova\u010dkou,\u00a0 pr\u00e1ve preto je potrebn\u00e1 profesion\u00e1lna mont\u00e1\u017e, ktor\u00fa v\u00e1m poskytneme.<\/p>\t\t\t\t\t\t\t\t<\/div>\n\t\t\t\t\t<\/div>\n\t\t\t\t<\/div>\n\t\t\t\t<\/div>\n\t\t","protected":false},"excerpt":{"rendered":"<p>Falcovan\u00e1 krytina Falcovan\u00e1 krytina patr\u00ed medzi najspo\u013eahlivej\u0161ie a\u00a0najob\u013e\u00fabenej\u0161ie krytiny u\u017e dlh\u00e9 roky. Pre dne\u0161n\u00fa modern\u00fa architekt\u00faru sa st\u00e1va ve\u013ek\u00fdm hitom. Modern\u00e1 architekt\u00fara dnes kladie d\u00f4raz na maxim\u00e1lnu vyu\u017eite\u013enos\u0165 priestoru a\u00a0to vy\u017eaduje \u010dasto minim\u00e1lny sklon strechy. Je ju mo\u017en\u00e9 pou\u017ei\u0165 na ka\u017ed\u00fd druh strechy a\u00a0to u\u017e od n\u00edzkych sklonov ( od 3\u00b0 ) . Samozrejme sl\u00fa\u017ei [&hellip;]<\/p>\n","protected":false},"author":1,"featured_media":0,"parent":0,"menu_order":0,"comment_status":"closed","ping_status":"closed","template":"","meta":{"footnotes":""},"class_list":["post-82","page","type-page","status-publish","hentry"],"_links":{"self":[{"href":"https:\/\/dobrestrechy.sk\/index.php\/wp-json\/wp\/v2\/pages\/82","targetHints":{"allow":["GET"]}}],"collection":[{"href":"https:\/\/dobrestrechy.sk\/index.php\/wp-json\/wp\/v2\/pages"}],"about":[{"href":"https:\/\/dobrestrechy.sk\/index.php\/wp-json\/wp\/v2\/types\/page"}],"author":[{"embeddable":true,"href":"https:\/\/dobrestrechy.sk\/index.php\/wp-json\/wp\/v2\/users\/1"}],"replies":[{"embeddable":true,"href":"https:\/\/dobrestrechy.sk\/index.php\/wp-json\/wp\/v2\/comments?post=82"}],"version-history":[{"count":4,"href":"https:\/\/dobrestrechy.sk\/index.php\/wp-json\/wp\/v2\/pages\/82\/revisions"}],"predecessor-version":[{"id":87,"href":"https:\/\/dobrestrechy.sk\/index.php\/wp-json\/wp\/v2\/pages\/82\/revisions\/87"}],"wp:attachment":[{"href":"https:\/\/dobrestrechy.sk\/index.php\/wp-json\/wp\/v2\/media?parent=82"}],"curies":[{"name":"wp","href":"https:\/\/api.w.org\/{rel}","templated":true}]}}